{"id":9262,"date":"2022-04-20T11:39:59","date_gmt":"2022-04-20T09:39:59","guid":{"rendered":"https:\/\/www.rpc.bap.cc\/products\/"},"modified":"2025-08-28T09:29:23","modified_gmt":"2025-08-28T07:29:23","slug":"products","status":"publish","type":"page","link":"https:\/\/www.ruppcheese.at\/en\/products\/","title":{"rendered":"Products"},"content":{"rendered":"<div class=\"block block--small content-intro\">\n\t<div class=\"block__outer\">\n\t\t<div class=\"block__inner\">\n\t\t\t<div class=\"intro content\">\n\t\t\t\t\t\t\t\t<span class=\"tag\">PRODUCTS<\/span>\n\t\t\t\t\t\t\t\t<h2>Variety of cheese in every form<\/h2>\n\t\t\t<\/div>\n\t\t<\/div>\n\t<\/div>\n<\/div>\n\n<div class=\"block block--large content-paragraph-image\">\n\t<div class=\"block__outer\">\n\t\t<div class=\"block__inner\">\n\t\t\t<div class=\"paragraph-image paragraph-image--left\">\n\t\t\t\t<div class=\"paragraph-image__text content\">\n\t\t\t\t\t<h3>Processed Cheese<\/h3>\n<p>Rupp is a leading global supplier of high-quality, innovative processed cheese products. We combine expertise, passion and creativity to supply successful products to fine food enthusiasts around the world.<\/p>\n\t\t\t\t<\/div>\n\t\t\t\t<div class=\"paragraph-image__image\">\n\t\t\t\t\t<div class=\"img-container img-container--cover lazy\">\n\t\t\t\t\t\t<div class=\"img-container__inner\">\n\t\t\t\t\t\t\t<img decoding=\"async\" src=\"https:\/\/www.ruppcheese.at\/wp-content\/uploads\/2025\/07\/rpc-produkte-schmelzkaese-50x50.jpg\" data-src=\"https:\/\/www.ruppcheese.at\/wp-content\/uploads\/2025\/07\/rpc-produkte-schmelzkaese-1024x1024.jpg\" data-srcset=\"https:\/\/www.ruppcheese.at\/wp-content\/uploads\/2025\/07\/rpc-produkte-schmelzkaese-1024x1024.jpg 1024w, https:\/\/www.ruppcheese.at\/wp-content\/uploads\/2025\/07\/rpc-produkte-schmelzkaese-480x480.jpg 480w, https:\/\/www.ruppcheese.at\/wp-content\/uploads\/2025\/07\/rpc-produkte-schmelzkaese-150x150.jpg 150w, https:\/\/www.ruppcheese.at\/wp-content\/uploads\/2025\/07\/rpc-produkte-schmelzkaese-768x768.jpg 768w, https:\/\/www.ruppcheese.at\/wp-content\/uploads\/2025\/07\/rpc-produkte-schmelzkaese-1536x1536.jpg 1536w, https:\/\/www.ruppcheese.at\/wp-content\/uploads\/2025\/07\/rpc-produkte-schmelzkaese-2048x2048.jpg 2048w, https:\/\/www.ruppcheese.at\/wp-content\/uploads\/2025\/07\/rpc-produkte-schmelzkaese-50x50.jpg 50w\" data-sizes=\"(max-width:1024px) 100vw, 1024px\" title=\"rpc-produkte-schmelzkaese\" alt=\"\" \/>\t\t\t\t\t\t<\/div>\n\t\t\t\t\t<\/div>\n\t\t\t\t<\/div>\n\t\t\t<\/div>\n\t\t<\/div>\n\t<\/div>\n<\/div>\n\n<div class=\"block block--large content-paragraph-image\">\n\t<div class=\"block__outer\">\n\t\t<div class=\"block__inner\">\n\t\t\t<div class=\"paragraph-image paragraph-image--right\">\n\t\t\t\t<div class=\"paragraph-image__text content\">\n\t\t\t\t\t<h3>Natural Cheese<\/h3>\n<p>Our range of natural cheese brings the culinary delights of our home to the whole world. We are especially proud of our authentic Vorarlberg mountain cheese, as well as our traditional alpine cheese. Both are international bestsellers.<\/p>\n\t\t\t\t<\/div>\n\t\t\t\t<div class=\"paragraph-image__image\">\n\t\t\t\t\t<div class=\"img-container img-container--cover lazy\">\n\t\t\t\t\t\t<div class=\"img-container__inner\">\n\t\t\t\t\t\t\t<img decoding=\"async\" src=\"https:\/\/www.ruppcheese.at\/wp-content\/uploads\/2025\/07\/rpc-produkte-natur-50x50.jpg\" data-src=\"https:\/\/www.ruppcheese.at\/wp-content\/uploads\/2025\/07\/rpc-produkte-natur-1024x1024.jpg\" data-srcset=\"https:\/\/www.ruppcheese.at\/wp-content\/uploads\/2025\/07\/rpc-produkte-natur-1024x1024.jpg 1024w, https:\/\/www.ruppcheese.at\/wp-content\/uploads\/2025\/07\/rpc-produkte-natur-480x480.jpg 480w, https:\/\/www.ruppcheese.at\/wp-content\/uploads\/2025\/07\/rpc-produkte-natur-150x150.jpg 150w, https:\/\/www.ruppcheese.at\/wp-content\/uploads\/2025\/07\/rpc-produkte-natur-768x768.jpg 768w, https:\/\/www.ruppcheese.at\/wp-content\/uploads\/2025\/07\/rpc-produkte-natur-1536x1536.jpg 1536w, https:\/\/www.ruppcheese.at\/wp-content\/uploads\/2025\/07\/rpc-produkte-natur-2048x2048.jpg 2048w, https:\/\/www.ruppcheese.at\/wp-content\/uploads\/2025\/07\/rpc-produkte-natur-50x50.jpg 50w\" data-sizes=\"(max-width:1024px) 100vw, 1024px\" title=\"rpc-produkte-natur\" alt=\"\" \/>\t\t\t\t\t\t<\/div>\n\t\t\t\t\t<\/div>\n\t\t\t\t<\/div>\n\t\t\t<\/div>\n\t\t<\/div>\n\t<\/div>\n<\/div>\n\n<div class=\"block block--large content-paragraph-image\">\n\t<div class=\"block__outer\">\n\t\t<div class=\"block__inner\">\n\t\t\t<div class=\"paragraph-image paragraph-image--left\">\n\t\t\t\t<div class=\"paragraph-image__text content\">\n\t\t\t\t\t<h3>Vegan Cheese<\/h3>\n<p>With our products, we aim to offer everyone a moment of enjoyment. Our mission is to develop vegan products that are more than just an alternative to cheese. Drawing on centuries of cheese-making expertise, we are also investing in research into cheese made from dairy alternatives.<\/p>\n\t\t\t\t<\/div>\n\t\t\t\t<div class=\"paragraph-image__image\">\n\t\t\t\t\t<div class=\"img-container img-container--cover lazy\">\n\t\t\t\t\t\t<div class=\"img-container__inner\">\n\t\t\t\t\t\t\t<img decoding=\"async\" src=\"https:\/\/www.ruppcheese.at\/wp-content\/uploads\/2025\/07\/rpc-produkte-vegan-50x50.jpg\" data-src=\"https:\/\/www.ruppcheese.at\/wp-content\/uploads\/2025\/07\/rpc-produkte-vegan-1024x1024.jpg\" data-srcset=\"https:\/\/www.ruppcheese.at\/wp-content\/uploads\/2025\/07\/rpc-produkte-vegan-1024x1024.jpg 1024w, https:\/\/www.ruppcheese.at\/wp-content\/uploads\/2025\/07\/rpc-produkte-vegan-480x480.jpg 480w, https:\/\/www.ruppcheese.at\/wp-content\/uploads\/2025\/07\/rpc-produkte-vegan-150x150.jpg 150w, https:\/\/www.ruppcheese.at\/wp-content\/uploads\/2025\/07\/rpc-produkte-vegan-768x768.jpg 768w, https:\/\/www.ruppcheese.at\/wp-content\/uploads\/2025\/07\/rpc-produkte-vegan-1536x1536.jpg 1536w, https:\/\/www.ruppcheese.at\/wp-content\/uploads\/2025\/07\/rpc-produkte-vegan-2048x2048.jpg 2048w, https:\/\/www.ruppcheese.at\/wp-content\/uploads\/2025\/07\/rpc-produkte-vegan-50x50.jpg 50w\" data-sizes=\"(max-width:1024px) 100vw, 1024px\" title=\"rpc-produkte-vegan\" alt=\"\" \/>\t\t\t\t\t\t<\/div>\n\t\t\t\t\t<\/div>\n\t\t\t\t<\/div>\n\t\t\t<\/div>\n\t\t<\/div>\n\t<\/div>\n<\/div>\n\n<div class=\"block block--extra-large content-wp-core-block\" data-wp-core-block-type=\"core\/columns\" data-wp-core-column-count=\"1\"><div class=\"block__outer\"><div class=\"block__inner\">\n<div class=\"wp-block-columns has-background\" style=\"background-color:#ffcdc3\">\n<div class=\"wp-block-column\"><style type=\"text\/css\">@media only screen and (max-width: 768px){#block-spacing-0{margin-top:25px!important;}}<\/style><div class=\"block block--regular content-spacing\" id=\"#block-spacing-0\" style=\"margin-top:50px\">\n\t<div class=\"block__outer\" style=\"display:block\">\n\t\t<div class=\"block__inner\">\n\n\t\t<\/div>\n\t<\/div>\n<\/div>\n\n\n<div class=\"block block--small content-paragraph\">\n\t<div class=\"block__outer\">\n\t\t<div class=\"block__inner\">\n\t\t\t<div class=\"paragraph content\">\n\t\t\t\t<h2 style=\"text-align: center\">Enjoyment for Everyone<\/h2>\n<p style=\"text-align: center\">Enjoyment brings people together. That\u2019s why we also want people with specific dietary requirements to be able to enjoy our products.<\/p>\n\t\t\t<\/div>\n\t\t<\/div>\n\t<\/div>\n<\/div>\n\n<div class=\"block block--regular content-spacing\" id=\"#block-spacing-1\" style=\"margin-top:-60px\">\n\t<div class=\"block__outer\" style=\"display:none\">\n\t\t<div class=\"block__inner\">\n\n\t\t<\/div>\n\t<\/div>\n<\/div>\n<\/div>\n<\/div>\n<\/div><\/div><\/div>\n\n<div class=\"block block--regular content-spacing\" id=\"#block-spacing-2\" style=\"margin-top:-60px\">\n\t<div class=\"block__outer\" style=\"display:none\">\n\t\t<div class=\"block__inner\">\n\n\t\t<\/div>\n\t<\/div>\n<\/div>\n\n\n<div class=\"block block--extra-large content-wp-core-block\" data-wp-core-block-type=\"core\/columns\" data-wp-core-column-count=\"2\"><div class=\"block__outer\"><div class=\"block__inner\">\n<div class=\"wp-block-columns has-background\" style=\"background-color:#ffcdc3\">\n<div class=\"wp-block-column\"><div class=\"block block--small content-paragraph\">\n\t<div class=\"block__outer\">\n\t\t<div class=\"block__inner\">\n\t\t\t<div class=\"paragraph content\">\n\t\t\t\t<p style=\"text-align: center\"><img loading=\"lazy\" decoding=\"async\" class=\"aligncenter wp-image-16847 size-full\" style=\"max-width: 250px !important\" src=\"https:\/\/www.ruppcheese.at\/wp-content\/uploads\/2025\/07\/halal_red@2x.png\" alt=\"\" width=\"518\" height=\"539\" srcset=\"https:\/\/www.ruppcheese.at\/wp-content\/uploads\/2025\/07\/halal_red@2x.png 518w, https:\/\/www.ruppcheese.at\/wp-content\/uploads\/2025\/07\/halal_red@2x-480x499.png 480w, https:\/\/www.ruppcheese.at\/wp-content\/uploads\/2025\/07\/halal_red@2x-144x150.png 144w, https:\/\/www.ruppcheese.at\/wp-content\/uploads\/2025\/07\/halal_red@2x-48x50.png 48w\" sizes=\"auto, (max-width: 518px) 100vw, 518px\" \/><\/p>\n<h3 style=\"text-align: center\">Halal<\/h3>\n<p style=\"text-align: center\">Rupp offers certified halal cheese. This means that all ingredients, including the rennet enzyme, are halal. If you have any questions, please contact <a href=\"mailto:cheese@rupp.at\">cheese@rupp.at<\/a>.<\/p>\n\t\t\t<\/div>\n\t\t<\/div>\n\t<\/div>\n<\/div><\/div>\n\n\n\n<div class=\"wp-block-column\"><div class=\"block block--small content-paragraph\">\n\t<div class=\"block__outer\">\n\t\t<div class=\"block__inner\">\n\t\t\t<div class=\"paragraph content\">\n\t\t\t\t<p style=\"text-align: center\"><img loading=\"lazy\" decoding=\"async\" class=\"aligncenter wp-image-16846 size-full\" style=\"max-width: 250px !important\" src=\"https:\/\/www.ruppcheese.at\/wp-content\/uploads\/2025\/07\/vegan@2x.png\" alt=\"\" width=\"518\" height=\"539\" srcset=\"https:\/\/www.ruppcheese.at\/wp-content\/uploads\/2025\/07\/vegan@2x.png 518w, https:\/\/www.ruppcheese.at\/wp-content\/uploads\/2025\/07\/vegan@2x-480x499.png 480w, https:\/\/www.ruppcheese.at\/wp-content\/uploads\/2025\/07\/vegan@2x-144x150.png 144w, https:\/\/www.ruppcheese.at\/wp-content\/uploads\/2025\/07\/vegan@2x-48x50.png 48w\" sizes=\"auto, (max-width: 518px) 100vw, 518px\" \/><\/p>\n<h3 style=\"text-align: center\">Vegan<\/h3>\n<p style=\"text-align: center\">Rupp is continuously investing in research into the production of cheese from milk alternatives. The aim is to manufacture products that are more than simply an alternative to cheese.<\/p>\n\t\t\t<\/div>\n\t\t<\/div>\n\t<\/div>\n<\/div>\n\n<style type=\"text\/css\">@media only screen and (max-width: 768px){#block-spacing-3{margin-top:25px!important;}}<\/style><div class=\"block block--regular content-spacing\" id=\"#block-spacing-3\" style=\"margin-top:50px\">\n\t<div class=\"block__outer\" style=\"display:block\">\n\t\t<div class=\"block__inner\">\n\n\t\t<\/div>\n\t<\/div>\n<\/div>\n<\/div>\n<\/div>\n<\/div><\/div><\/div>\n\n<div class=\"block block--regular content-spacing\" id=\"#block-spacing-4\" style=\"margin-top:-60px\">\n\t<div class=\"block__outer\" style=\"display:none\">\n\t\t<div class=\"block__inner\">\n\n\t\t<\/div>\n\t<\/div>\n<\/div>\n\n\n<div class=\"block block--extra-large content-wp-core-block\" data-wp-core-block-type=\"core\/columns\" data-wp-core-column-count=\"1\"><div class=\"block__outer\"><div class=\"block__inner\">\n<div class=\"wp-block-columns\">\n<div class=\"wp-block-column\"><div class=\"block block--small content-video\">\n\t<div class=\"block__outer\">\n\t\t<div class=\"block__inner\">\n\t\t\t<div class=\"video\">\n\t\t\t\t<div class=\"vid-container lazy\">\n\t\t\t\t\t<div class=\"vid-container__inner\">\n\t\t\t\t\t\t<video data-src=\"https:\/\/www.ruppcheese.at\/wp-content\/uploads\/2025\/08\/Alpsommer-Alpe-Wildgunten_1.mp4|video\/mp4\" data-poster=\"https:\/\/www.ruppcheese.at\/wp-content\/uploads\/2025\/08\/Alpsommer-Alpe-Wildgunten.00_00_05_23.Standbild001-768x432.jpg\" controls><\/video>\t\t\t\t\t<\/div>\n\t\t\t\t<\/div>\n\t\t\t\t<div class=\"video__overlay\">\n\t\t\t\t\t\t\t\t\t\t<div class=\"img-container img-container--cover lazy\">\n\t\t\t\t\t\t<div class=\"img-container__inner\">\n\t\t\t\t\t\t\t<img decoding=\"async\" src=\"https:\/\/www.ruppcheese.at\/wp-content\/uploads\/2025\/08\/Alpsommer-Alpe-Wildgunten.00_00_05_23.Standbild001-50x28.jpg\" data-src=\"https:\/\/www.ruppcheese.at\/wp-content\/uploads\/2025\/08\/Alpsommer-Alpe-Wildgunten.00_00_05_23.Standbild001-768x432.jpg\" data-srcset=\"https:\/\/www.ruppcheese.at\/wp-content\/uploads\/2025\/08\/Alpsommer-Alpe-Wildgunten.00_00_05_23.Standbild001-768x432.jpg 768w, https:\/\/www.ruppcheese.at\/wp-content\/uploads\/2025\/08\/Alpsommer-Alpe-Wildgunten.00_00_05_23.Standbild001-480x270.jpg 480w, https:\/\/www.ruppcheese.at\/wp-content\/uploads\/2025\/08\/Alpsommer-Alpe-Wildgunten.00_00_05_23.Standbild001-1024x576.jpg 1024w, https:\/\/www.ruppcheese.at\/wp-content\/uploads\/2025\/08\/Alpsommer-Alpe-Wildgunten.00_00_05_23.Standbild001-150x84.jpg 150w, https:\/\/www.ruppcheese.at\/wp-content\/uploads\/2025\/08\/Alpsommer-Alpe-Wildgunten.00_00_05_23.Standbild001-1536x864.jpg 1536w, https:\/\/www.ruppcheese.at\/wp-content\/uploads\/2025\/08\/Alpsommer-Alpe-Wildgunten.00_00_05_23.Standbild001-2048x1152.jpg 2048w, https:\/\/www.ruppcheese.at\/wp-content\/uploads\/2025\/08\/Alpsommer-Alpe-Wildgunten.00_00_05_23.Standbild001-50x28.jpg 50w\" data-sizes=\"(max-width:768px) 100vw, 768px\" \/>\n\t\t\t\t\t\t<\/div>\n\t\t\t\t\t<\/div>\n\t\t\t\t\t\t\t\t\t<\/div>\n\t\t\t<\/div>\n\t\t<\/div>\n\t<\/div>\n<\/div><\/div>\n<\/div>\n<\/div><\/div><\/div>\n\n<div class=\"block block--small content-intro\">\n\t<div class=\"block__outer\">\n\t\t<div class=\"block__inner\">\n\t\t\t<div class=\"intro content\">\n\t\t\t\t\t\t\t\t<span class=\"tag\">Products<\/span>\n\t\t\t\t\t\t\t\t<h2><\/h2>\n\t\t\t<\/div>\n\t\t<\/div>\n\t<\/div>\n<\/div>\n\n<div class=\"block block--regular content-spacing\" id=\"#block-spacing-5\" style=\"margin-top:-50px\">\n\t<div class=\"block__outer\" style=\"display:none\">\n\t\t<div class=\"block__inner\">\n\n\t\t<\/div>\n\t<\/div>\n<\/div>\n\n\n<div class=\"block block--extra-large content-wp-core-block\" data-wp-core-block-type=\"core\/columns\" data-wp-core-column-count=\"2\"><div class=\"block__outer\"><div class=\"block__inner\">\n<div class=\"wp-block-columns\">\n<div class=\"wp-block-column\" style=\"flex-basis:33.33%\"><div class=\"block block--small content-paragraph\">\n\t<div class=\"block__outer\">\n\t\t<div class=\"block__inner\">\n\t\t\t<div class=\"paragraph content\">\n\t\t\t\t<h3>Feel free to contact us for any query<\/h3>\n<p><a href=\"tel:004355738080\">T +43 (0) 5573 8080<\/a><br \/>\n<a href=\"mailto:cheese@rupp.at\">cheese@rupp.at<\/a><\/p>\n\t\t\t<\/div>\n\t\t<\/div>\n\t<\/div>\n<\/div><\/div>\n\n\n\n<div class=\"wp-block-column\" style=\"flex-basis:66.66%\"><div class=\"block block--small content-form\">\n\t<div class=\"block__outer\">\n\t\t<div class=\"block__inner\">\n\t\t\t<div class=\"form-builder\" id=\"form-9932\"><form action=\"https:\/\/www.ruppcheese.at\/wp-admin\/admin-post.php\" method=\"post\" enctype=\"multipart\/form-data\" autocomplete=\"off\" data-captcha-key=\"6LfXU58qAAAAAIjxYz_LXLuO_4qOVLFMwH6Ag6sw\"><input type=\"hidden\" name=\"action\" value=\"form_builder\"><input type=\"hidden\" name=\"action_link\" value=\"https:\/\/www.ruppcheese.at\/en\/products\/\"><input type=\"hidden\" name=\"action_post_id\" value=\"9932\"><div class=\"input-security\" aria-hidden=\"true\"><label for=\"middle_name\">Zweitname<\/label><input type=\"text\" name=\"middle_name\" id=\"middle_name\" tabindex=\"-1\" autocomplete=\"off\"><\/div><div class=\"input-wrapper\" data-input-width=\"100\">\n\t<label for=\"text-1\">\n\t\t<span class=\"title\">\n\t\t\tName\t\t<\/span>\n\t\t\t<\/label>\n\t<input class=\"input\" type=\"text\" name=\"text_1\" placeholder=\"\"   id=\"text-1\" ><\/div><div class=\"input-wrapper\" data-input-width=\"100\">\n\t<label for=\"email-2\">\n\t\t<span class=\"title\">\n\t\t\tE-Mail\t\t<\/span>\n\t\t\t<\/label>\n\t<input class=\"input\" type=\"email\" name=\"email\" placeholder=\"\" id=\"email-2\" ><\/div><div class=\"input-wrapper\" data-input-width=\"100\">\n\t<label for=\"text-3\">\n\t\t<span class=\"title\">\n\t\t\t Inquiry\t\t<\/span>\n\t\t\t<\/label>\n\t<input class=\"input\" type=\"text\" name=\"text_3\" placeholder=\"\"   id=\"text-3\" ><\/div><div class=\"note-wrapper note-wrapper--small content\">\n\t<p>*Required fields. This form is protected by reCAPTCHA. The <a href=\"https:\/\/policies.google.com\/privacy\">Google Data Protection Regulations<\/a>\u00a0and\u00a0<a>Conditions for Use<\/a> apply.\t\t\t\t<\/p>\n<\/div>\n<div class=\"submit-interim\">\n\t<button class=\"button button--secondary\" type=\"submit\" >\n\t\t<span>Send<\/span>\n\t<\/button>\n<\/div>\n<div class=\"note-wrapper note-wrapper--error content\">\n\t<p>Bitte \u00fcberpr\u00fcfen Sie Ihre Eingaben und f\u00fcllen Sie alle Felder vollst\u00e4ndig aus.<\/p>\n<\/div>\n<script src=\"https:\/\/www.google.com\/recaptcha\/api.js?render=6LfXU58qAAAAAIjxYz_LXLuO_4qOVLFMwH6Ag6sw\"><\/script><\/form><\/div>\t\t<\/div>\n\t<\/div>\n<\/div><\/div>\n<\/div>\n<\/div><\/div><\/div>","protected":false},"excerpt":{"rendered":"","protected":false},"author":1,"featured_media":16595,"parent":0,"menu_order":0,"comment_status":"closed","ping_status":"closed","template":"","meta":{"_acf_changed":true,"footnotes":""},"class_list":["post-9262","page","type-page","status-publish","has-post-thumbnail","hentry"],"acf":[],"yoast_head":"<!-- This site is optimized with the Yoast SEO plugin v27.2 - https:\/\/yoast.com\/product\/yoast-seo-wordpress\/ -->\n<title>Products - Rupp<\/title>\n<meta name=\"robots\" content=\"index, follow, max-snippet:-1, max-image-preview:large, max-video-preview:-1\" \/>\n<link rel=\"canonical\" href=\"https:\/\/www.ruppcheese.at\/en\/products\/\" \/>\n<meta property=\"og:locale\" content=\"en_US\" \/>\n<meta property=\"og:type\" content=\"article\" \/>\n<meta property=\"og:title\" content=\"Products - Rupp\" \/>\n<meta property=\"og:url\" content=\"https:\/\/www.ruppcheese.at\/en\/products\/\" \/>\n<meta property=\"og:site_name\" content=\"Rupp\" \/>\n<meta property=\"article:modified_time\" content=\"2025-08-28T07:29:23+00:00\" \/>\n<meta property=\"og:image\" content=\"https:\/\/www.ruppcheese.at\/wp-content\/uploads\/2025\/07\/rpc-produkte-thumbnail.jpg\" \/>\n\t<meta property=\"og:image:width\" content=\"2560\" \/>\n\t<meta property=\"og:image:height\" content=\"1706\" \/>\n\t<meta property=\"og:image:type\" content=\"image\/jpeg\" \/>\n<meta name=\"twitter:card\" content=\"summary_large_image\" \/>\n<script type=\"application\/ld+json\" class=\"yoast-schema-graph\">{\"@context\":\"https:\/\/schema.org\",\"@graph\":[{\"@type\":\"WebPage\",\"@id\":\"https:\/\/www.ruppcheese.at\/en\/products\/\",\"url\":\"https:\/\/www.ruppcheese.at\/en\/products\/\",\"name\":\"Products - Rupp\",\"isPartOf\":{\"@id\":\"https:\/\/www.ruppcheese.at\/#website\"},\"primaryImageOfPage\":{\"@id\":\"https:\/\/www.ruppcheese.at\/en\/products\/#primaryimage\"},\"image\":{\"@id\":\"https:\/\/www.ruppcheese.at\/en\/products\/#primaryimage\"},\"thumbnailUrl\":\"https:\/\/www.ruppcheese.at\/wp-content\/uploads\/2025\/07\/rpc-produkte-thumbnail.jpg\",\"datePublished\":\"2022-04-20T09:39:59+00:00\",\"dateModified\":\"2025-08-28T07:29:23+00:00\",\"breadcrumb\":{\"@id\":\"https:\/\/www.ruppcheese.at\/en\/products\/#breadcrumb\"},\"inLanguage\":\"en-US\",\"potentialAction\":[{\"@type\":\"ReadAction\",\"target\":[\"https:\/\/www.ruppcheese.at\/en\/products\/\"]}]},{\"@type\":\"ImageObject\",\"inLanguage\":\"en-US\",\"@id\":\"https:\/\/www.ruppcheese.at\/en\/products\/#primaryimage\",\"url\":\"https:\/\/www.ruppcheese.at\/wp-content\/uploads\/2025\/07\/rpc-produkte-thumbnail.jpg\",\"contentUrl\":\"https:\/\/www.ruppcheese.at\/wp-content\/uploads\/2025\/07\/rpc-produkte-thumbnail.jpg\",\"width\":2560,\"height\":1706},{\"@type\":\"BreadcrumbList\",\"@id\":\"https:\/\/www.ruppcheese.at\/en\/products\/#breadcrumb\",\"itemListElement\":[{\"@type\":\"ListItem\",\"position\":1,\"name\":\"Startseite\",\"item\":\"https:\/\/www.ruppcheese.at\/en\/\"},{\"@type\":\"ListItem\",\"position\":2,\"name\":\"Products\"}]},{\"@type\":\"WebSite\",\"@id\":\"https:\/\/www.ruppcheese.at\/#website\",\"url\":\"https:\/\/www.ruppcheese.at\/\",\"name\":\"Rupp\",\"description\":\"Rupp Unternehmenswebsite\",\"potentialAction\":[{\"@type\":\"SearchAction\",\"target\":{\"@type\":\"EntryPoint\",\"urlTemplate\":\"https:\/\/www.ruppcheese.at\/?s={search_term_string}\"},\"query-input\":{\"@type\":\"PropertyValueSpecification\",\"valueRequired\":true,\"valueName\":\"search_term_string\"}}],\"inLanguage\":\"en-US\"}]}<\/script>\n<!-- \/ Yoast SEO plugin. -->","yoast_head_json":{"title":"Products - Rupp","robots":{"index":"index","follow":"follow","max-snippet":"max-snippet:-1","max-image-preview":"max-image-preview:large","max-video-preview":"max-video-preview:-1"},"canonical":"https:\/\/www.ruppcheese.at\/en\/products\/","og_locale":"en_US","og_type":"article","og_title":"Products - Rupp","og_url":"https:\/\/www.ruppcheese.at\/en\/products\/","og_site_name":"Rupp","article_modified_time":"2025-08-28T07:29:23+00:00","og_image":[{"width":2560,"height":1706,"url":"https:\/\/www.ruppcheese.at\/wp-content\/uploads\/2025\/07\/rpc-produkte-thumbnail.jpg","type":"image\/jpeg"}],"twitter_card":"summary_large_image","schema":{"@context":"https:\/\/schema.org","@graph":[{"@type":"WebPage","@id":"https:\/\/www.ruppcheese.at\/en\/products\/","url":"https:\/\/www.ruppcheese.at\/en\/products\/","name":"Products - Rupp","isPartOf":{"@id":"https:\/\/www.ruppcheese.at\/#website"},"primaryImageOfPage":{"@id":"https:\/\/www.ruppcheese.at\/en\/products\/#primaryimage"},"image":{"@id":"https:\/\/www.ruppcheese.at\/en\/products\/#primaryimage"},"thumbnailUrl":"https:\/\/www.ruppcheese.at\/wp-content\/uploads\/2025\/07\/rpc-produkte-thumbnail.jpg","datePublished":"2022-04-20T09:39:59+00:00","dateModified":"2025-08-28T07:29:23+00:00","breadcrumb":{"@id":"https:\/\/www.ruppcheese.at\/en\/products\/#breadcrumb"},"inLanguage":"en-US","potentialAction":[{"@type":"ReadAction","target":["https:\/\/www.ruppcheese.at\/en\/products\/"]}]},{"@type":"ImageObject","inLanguage":"en-US","@id":"https:\/\/www.ruppcheese.at\/en\/products\/#primaryimage","url":"https:\/\/www.ruppcheese.at\/wp-content\/uploads\/2025\/07\/rpc-produkte-thumbnail.jpg","contentUrl":"https:\/\/www.ruppcheese.at\/wp-content\/uploads\/2025\/07\/rpc-produkte-thumbnail.jpg","width":2560,"height":1706},{"@type":"BreadcrumbList","@id":"https:\/\/www.ruppcheese.at\/en\/products\/#breadcrumb","itemListElement":[{"@type":"ListItem","position":1,"name":"Startseite","item":"https:\/\/www.ruppcheese.at\/en\/"},{"@type":"ListItem","position":2,"name":"Products"}]},{"@type":"WebSite","@id":"https:\/\/www.ruppcheese.at\/#website","url":"https:\/\/www.ruppcheese.at\/","name":"Rupp","description":"Rupp Unternehmenswebsite","potentialAction":[{"@type":"SearchAction","target":{"@type":"EntryPoint","urlTemplate":"https:\/\/www.ruppcheese.at\/?s={search_term_string}"},"query-input":{"@type":"PropertyValueSpecification","valueRequired":true,"valueName":"search_term_string"}}],"inLanguage":"en-US"}]}},"_links":{"self":[{"href":"https:\/\/www.ruppcheese.at\/en\/wp-json\/wp\/v2\/pages\/9262","targetHints":{"allow":["GET"]}}],"collection":[{"href":"https:\/\/www.ruppcheese.at\/en\/wp-json\/wp\/v2\/pages"}],"about":[{"href":"https:\/\/www.ruppcheese.at\/en\/wp-json\/wp\/v2\/types\/page"}],"author":[{"embeddable":true,"href":"https:\/\/www.ruppcheese.at\/en\/wp-json\/wp\/v2\/users\/1"}],"replies":[{"embeddable":true,"href":"https:\/\/www.ruppcheese.at\/en\/wp-json\/wp\/v2\/comments?post=9262"}],"version-history":[{"count":0,"href":"https:\/\/www.ruppcheese.at\/en\/wp-json\/wp\/v2\/pages\/9262\/revisions"}],"wp:featuredmedia":[{"embeddable":true,"href":"https:\/\/www.ruppcheese.at\/en\/wp-json\/wp\/v2\/media\/16595"}],"wp:attachment":[{"href":"https:\/\/www.ruppcheese.at\/en\/wp-json\/wp\/v2\/media?parent=9262"}],"curies":[{"name":"wp","href":"https:\/\/api.w.org\/{rel}","templated":true}]}}