{"id":9247,"date":"2022-01-27T10:33:07","date_gmt":"2022-01-27T09:33:07","guid":{"rendered":"https:\/\/www.rpc.bap.cc\/sales-channels\/"},"modified":"2025-08-21T15:26:18","modified_gmt":"2025-08-21T13:26:18","slug":"business-units","status":"publish","type":"page","link":"https:\/\/www.ruppcheese.at\/en\/business-units\/","title":{"rendered":"Business Units"},"content":{"rendered":"<div class=\"block block--small content-intro\">\n\t<div class=\"block__outer\">\n\t\t<div class=\"block__inner\">\n\t\t\t<div class=\"intro content\">\n\t\t\t\t\t\t\t\t<span class=\"tag\">BUSINESS UNITS<\/span>\n\t\t\t\t\t\t\t\t<h2>Cheese in all shapes and flavours<\/h2>\n\t\t\t<\/div>\n\t\t<\/div>\n\t<\/div>\n<\/div>\n\n<div class=\"block block--large content-paragraph-image\">\n\t<div class=\"block__outer\">\n\t\t<div class=\"block__inner\">\n\t\t\t<div class=\"paragraph-image paragraph-image--left\">\n\t\t\t\t<div class=\"paragraph-image__text content\">\n\t\t\t\t\t<h3>Retail<\/h3>\n<p>In addition to our own brand for the Austrian market, we are an experienced co-manufacturer for global cheese brands and a reliable partner for private label customers.<\/p>\n<p><a class=\"button button--secondary\" style=\"margin: 10px 0\" href=\"https:\/\/www.rupp.at\/\" target=\"_blank\" rel=\"noopener\">rupp.at<\/a>\u00a0\u00a0<a class=\"button button--secondary\" style=\"margin: 10px 0\" href=\"https:\/\/www.alma.at\/\" target=\"_blank\" rel=\"noopener\">alma.at<\/a><\/p>\n\t\t\t\t<\/div>\n\t\t\t\t<div class=\"paragraph-image__image\">\n\t\t\t\t\t<div class=\"img-container img-container--cover lazy\">\n\t\t\t\t\t\t<div class=\"img-container__inner\">\n\t\t\t\t\t\t\t<img decoding=\"async\" src=\"https:\/\/www.ruppcheese.at\/wp-content\/uploads\/2025\/07\/rpc-geschaeftsbereiche-einzelhandel-50x50.jpg\" data-src=\"https:\/\/www.ruppcheese.at\/wp-content\/uploads\/2025\/07\/rpc-geschaeftsbereiche-einzelhandel-1024x1024.jpg\" data-srcset=\"https:\/\/www.ruppcheese.at\/wp-content\/uploads\/2025\/07\/rpc-geschaeftsbereiche-einzelhandel-1024x1024.jpg 1024w, https:\/\/www.ruppcheese.at\/wp-content\/uploads\/2025\/07\/rpc-geschaeftsbereiche-einzelhandel-480x480.jpg 480w, https:\/\/www.ruppcheese.at\/wp-content\/uploads\/2025\/07\/rpc-geschaeftsbereiche-einzelhandel-150x150.jpg 150w, https:\/\/www.ruppcheese.at\/wp-content\/uploads\/2025\/07\/rpc-geschaeftsbereiche-einzelhandel-768x768.jpg 768w, https:\/\/www.ruppcheese.at\/wp-content\/uploads\/2025\/07\/rpc-geschaeftsbereiche-einzelhandel-1536x1536.jpg 1536w, https:\/\/www.ruppcheese.at\/wp-content\/uploads\/2025\/07\/rpc-geschaeftsbereiche-einzelhandel-2048x2048.jpg 2048w, https:\/\/www.ruppcheese.at\/wp-content\/uploads\/2025\/07\/rpc-geschaeftsbereiche-einzelhandel-50x50.jpg 50w\" data-sizes=\"(max-width:1024px) 100vw, 1024px\" title=\"rpc-geschaeftsbereiche-einzelhandel\" alt=\"\" \/>\t\t\t\t\t\t<\/div>\n\t\t\t\t\t<\/div>\n\t\t\t\t<\/div>\n\t\t\t<\/div>\n\t\t<\/div>\n\t<\/div>\n<\/div>\n\n<div class=\"block block--large content-paragraph-image\">\n\t<div class=\"block__outer\">\n\t\t<div class=\"block__inner\">\n\t\t\t<div class=\"paragraph-image paragraph-image--right\">\n\t\t\t\t<div class=\"paragraph-image__text content\">\n\t\t\t\t\t<h3>Industry<\/h3>\n<p>We offer the food industry cheese applications and expertise in every conceivable form, tailored to specific requirements.<\/p>\n<p><a class=\"button button--secondary\" href=\"https:\/\/www.ruppcheeseinnovation.at\/en\/\" target=\"_blank\" rel=\"noopener\" style=\"margin:10px 0\"><span>ruppcheeseinnovation.at<\/span><\/a><\/p>\n\t\t\t\t<\/div>\n\t\t\t\t<div class=\"paragraph-image__image\">\n\t\t\t\t\t<div class=\"img-container img-container--cover lazy\">\n\t\t\t\t\t\t<div class=\"img-container__inner\">\n\t\t\t\t\t\t\t<img decoding=\"async\" src=\"https:\/\/www.ruppcheese.at\/wp-content\/uploads\/2025\/07\/rpc-geschaeftsbereiche-industrie-50x50.jpg\" data-src=\"https:\/\/www.ruppcheese.at\/wp-content\/uploads\/2025\/07\/rpc-geschaeftsbereiche-industrie-1024x1024.jpg\" data-srcset=\"https:\/\/www.ruppcheese.at\/wp-content\/uploads\/2025\/07\/rpc-geschaeftsbereiche-industrie-1024x1024.jpg 1024w, https:\/\/www.ruppcheese.at\/wp-content\/uploads\/2025\/07\/rpc-geschaeftsbereiche-industrie-480x480.jpg 480w, https:\/\/www.ruppcheese.at\/wp-content\/uploads\/2025\/07\/rpc-geschaeftsbereiche-industrie-150x150.jpg 150w, https:\/\/www.ruppcheese.at\/wp-content\/uploads\/2025\/07\/rpc-geschaeftsbereiche-industrie-768x768.jpg 768w, https:\/\/www.ruppcheese.at\/wp-content\/uploads\/2025\/07\/rpc-geschaeftsbereiche-industrie-1536x1536.jpg 1536w, https:\/\/www.ruppcheese.at\/wp-content\/uploads\/2025\/07\/rpc-geschaeftsbereiche-industrie-2048x2048.jpg 2048w, https:\/\/www.ruppcheese.at\/wp-content\/uploads\/2025\/07\/rpc-geschaeftsbereiche-industrie-50x50.jpg 50w\" data-sizes=\"(max-width:1024px) 100vw, 1024px\" title=\"rpc-geschaeftsbereiche-industrie\" alt=\"\" \/>\t\t\t\t\t\t<\/div>\n\t\t\t\t\t<\/div>\n\t\t\t\t<\/div>\n\t\t\t<\/div>\n\t\t<\/div>\n\t<\/div>\n<\/div>\n\n<div class=\"block block--large content-paragraph-image\">\n\t<div class=\"block__outer\">\n\t\t<div class=\"block__inner\">\n\t\t\t<div class=\"paragraph-image paragraph-image--left\">\n\t\t\t\t<div class=\"paragraph-image__text content\">\n\t\t\t\t\t<h3>Food Service<\/h3>\n<p>We provide user-friendly, customer-focused solutions in foodservice packaging, with both branded and private labels.<\/p>\n<p><a class=\"button button--secondary\" href=\"https:\/\/yellowroadcheese.com\/\" target=\"_blank\" rel=\"noopener\" style=\"margin:10px 0\">yellowroadcheese.com<\/a><\/p>\n\t\t\t\t<\/div>\n\t\t\t\t<div class=\"paragraph-image__image\">\n\t\t\t\t\t<div class=\"img-container img-container--cover lazy\">\n\t\t\t\t\t\t<div class=\"img-container__inner\">\n\t\t\t\t\t\t\t<img decoding=\"async\" src=\"https:\/\/www.ruppcheese.at\/wp-content\/uploads\/2025\/07\/rpc-geschaeftsbereiche-gastro-50x50.jpg\" data-src=\"https:\/\/www.ruppcheese.at\/wp-content\/uploads\/2025\/07\/rpc-geschaeftsbereiche-gastro-1024x1024.jpg\" data-srcset=\"https:\/\/www.ruppcheese.at\/wp-content\/uploads\/2025\/07\/rpc-geschaeftsbereiche-gastro-1024x1024.jpg 1024w, https:\/\/www.ruppcheese.at\/wp-content\/uploads\/2025\/07\/rpc-geschaeftsbereiche-gastro-480x480.jpg 480w, https:\/\/www.ruppcheese.at\/wp-content\/uploads\/2025\/07\/rpc-geschaeftsbereiche-gastro-150x150.jpg 150w, https:\/\/www.ruppcheese.at\/wp-content\/uploads\/2025\/07\/rpc-geschaeftsbereiche-gastro-768x768.jpg 768w, https:\/\/www.ruppcheese.at\/wp-content\/uploads\/2025\/07\/rpc-geschaeftsbereiche-gastro-1536x1536.jpg 1536w, https:\/\/www.ruppcheese.at\/wp-content\/uploads\/2025\/07\/rpc-geschaeftsbereiche-gastro-2048x2048.jpg 2048w, https:\/\/www.ruppcheese.at\/wp-content\/uploads\/2025\/07\/rpc-geschaeftsbereiche-gastro-50x50.jpg 50w\" data-sizes=\"(max-width:1024px) 100vw, 1024px\" title=\"rpc-geschaeftsbereiche-gastro\" alt=\"\" \/>\t\t\t\t\t\t<\/div>\n\t\t\t\t\t<\/div>\n\t\t\t\t<\/div>\n\t\t\t<\/div>\n\t\t<\/div>\n\t<\/div>\n<\/div>\n\n<div class=\"block block--extra-large content-wp-core-block\" data-wp-core-block-type=\"core\/columns\" data-wp-core-column-count=\"1\"><div class=\"block__outer\"><div class=\"block__inner\">\n<div class=\"wp-block-columns has-background\" style=\"background-color:#ffcdc3\">\n<div class=\"wp-block-column\"><style type=\"text\/css\">@media only screen and (max-width: 768px){#block-spacing-0{margin-top:25px!important;}}<\/style><div class=\"block block--regular content-spacing\" id=\"#block-spacing-0\" style=\"margin-top:50px\">\n\t<div class=\"block__outer\" style=\"display:block\">\n\t\t<div class=\"block__inner\">\n\n\t\t<\/div>\n\t<\/div>\n<\/div>\n\n\n<div class=\"block block--small content-paragraph\">\n\t<div class=\"block__outer\">\n\t\t<div class=\"block__inner\">\n\t\t\t<div class=\"paragraph content\">\n\t\t\t\t<h2 style=\"text-align: center\">Our Brands<\/h2>\n<p style=\"text-align: center\">Our portfolio includes a variety of cheese as well as vegan alternatives for private labels, co-manufacturing, the food industry and our cult brands Rupp and Alma.<\/p>\n\t\t\t<\/div>\n\t\t<\/div>\n\t<\/div>\n<\/div><\/div>\n<\/div>\n<\/div><\/div><\/div>\n\n<div class=\"block block--regular content-spacing\" id=\"#block-spacing-1\" style=\"margin-top:-60px\">\n\t<div class=\"block__outer\" style=\"display:none\">\n\t\t<div class=\"block__inner\">\n\n\t\t<\/div>\n\t<\/div>\n<\/div>\n\n\n<div class=\"block block--extra-large content-wp-core-block\" data-wp-core-block-type=\"core\/columns\" data-wp-core-column-count=\"3\"><div class=\"block__outer\"><div class=\"block__inner\">\n<div class=\"wp-block-columns has-background\" style=\"background-color:#ffcdc3\">\n<div class=\"wp-block-column\"><div class=\"block block--small content-paragraph\">\n\t<div class=\"block__outer\">\n\t\t<div class=\"block__inner\">\n\t\t\t<div class=\"paragraph content\">\n\t\t\t\t<p style=\"text-align: center\"><img loading=\"lazy\" decoding=\"async\" width=\"700\" height=\"270\" class=\"aligncenter size-full wp-image-16695\" style=\"max-width: 250px !important;max-height: 100px !important\" src=\"https:\/\/www.ruppcheese.at\/wp-content\/uploads\/2025\/07\/rpc-geschaeftsbereiche-logo-rup.png\" alt=\"\" srcset=\"https:\/\/www.ruppcheese.at\/wp-content\/uploads\/2025\/07\/rpc-geschaeftsbereiche-logo-rup.png 700w, https:\/\/www.ruppcheese.at\/wp-content\/uploads\/2025\/07\/rpc-geschaeftsbereiche-logo-rup-480x185.png 480w, https:\/\/www.ruppcheese.at\/wp-content\/uploads\/2025\/07\/rpc-geschaeftsbereiche-logo-rup-150x58.png 150w, https:\/\/www.ruppcheese.at\/wp-content\/uploads\/2025\/07\/rpc-geschaeftsbereiche-logo-rup-50x19.png 50w\" sizes=\"auto, (max-width: 700px) 100vw, 700px\" \/><\/p>\n<h3 style=\"text-align: center\">Rupp<\/h3>\n<p style=\"text-align: center\">Our portfolio includes a variety of cheese as well as vegan alternatives for private labels, co-manufacturing, the food industry and our cult brands Rupp and Alma.<\/p>\n\t\t\t<\/div>\n\t\t<\/div>\n\t<\/div>\n<\/div><\/div>\n\n\n\n<div class=\"wp-block-column\"><div class=\"block block--small content-paragraph\">\n\t<div class=\"block__outer\">\n\t\t<div class=\"block__inner\">\n\t\t\t<div class=\"paragraph content\">\n\t\t\t\t<p style=\"text-align: center\"><img loading=\"lazy\" decoding=\"async\" width=\"700\" height=\"298\" class=\"aligncenter size-full wp-image-16690\" style=\"max-width: 250px !important;max-height: 100px !important\" src=\"https:\/\/www.ruppcheese.at\/wp-content\/uploads\/2025\/07\/rpc-geschaeftsbereiche-logo-alm.png\" alt=\"\" srcset=\"https:\/\/www.ruppcheese.at\/wp-content\/uploads\/2025\/07\/rpc-geschaeftsbereiche-logo-alm.png 700w, https:\/\/www.ruppcheese.at\/wp-content\/uploads\/2025\/07\/rpc-geschaeftsbereiche-logo-alm-480x204.png 480w, https:\/\/www.ruppcheese.at\/wp-content\/uploads\/2025\/07\/rpc-geschaeftsbereiche-logo-alm-150x64.png 150w, https:\/\/www.ruppcheese.at\/wp-content\/uploads\/2025\/07\/rpc-geschaeftsbereiche-logo-alm-50x21.png 50w\" sizes=\"auto, (max-width: 700px) 100vw, 700px\" \/><\/p>\n<h3 style=\"text-align: center\">Alma<\/h3>\n<p style=\"text-align: center\">The Alma brand stands for authentic and traditional cheese specialties. The ancient art of cheese melting has been perfected in the uniquely creamy Alma Rahm cheese.<\/p>\n\t\t\t<\/div>\n\t\t<\/div>\n\t<\/div>\n<\/div><\/div>\n\n\n\n<div class=\"wp-block-column\"><div class=\"block block--small content-paragraph\">\n\t<div class=\"block__outer\">\n\t\t<div class=\"block__inner\">\n\t\t\t<div class=\"paragraph content\">\n\t\t\t\t<p style=\"text-align: center\"><img loading=\"lazy\" decoding=\"async\" class=\"aligncenter wp-image-17299 size-full\" style=\"max-width: 250px !important;max-height: 100px !important\" src=\"https:\/\/www.ruppcheese.at\/wp-content\/uploads\/2025\/08\/yellow_road_color.svg\" alt=\"\" width=\"643\" height=\"361\" \/><\/p>\n<h3 style=\"text-align: center\">Yellow Road<\/h3>\n<p style=\"text-align: center\">Yellow Road is deeply rooted in the Irish dairy tradition and stands for quality and innovation. For over 20 years, the brand has been developing versatile cheese solutions for chefs worldwide.<\/p>\n\t\t\t<\/div>\n\t\t<\/div>\n\t<\/div>\n<\/div>\n\n<style type=\"text\/css\">@media only screen and (max-width: 768px){#block-spacing-2{margin-top:25px!important;}}<\/style><div class=\"block block--regular content-spacing\" id=\"#block-spacing-2\" style=\"margin-top:50px\">\n\t<div class=\"block__outer\" style=\"display:block\">\n\t\t<div class=\"block__inner\">\n\n\t\t<\/div>\n\t<\/div>\n<\/div>\n<\/div>\n<\/div>\n<\/div><\/div><\/div>\n\n<div class=\"block block--regular content-spacing\" id=\"#block-spacing-3\" style=\"margin-top:-60px\">\n\t<div class=\"block__outer\" style=\"display:none\">\n\t\t<div class=\"block__inner\">\n\n\t\t<\/div>\n\t<\/div>\n<\/div>\n\n\n<div class=\"block block--extra-large content-wp-core-block\" data-wp-core-block-type=\"core\/columns\" data-wp-core-column-count=\"1\"><div class=\"block__outer\"><div class=\"block__inner\">\n<div class=\"wp-block-columns\">\n<div class=\"wp-block-column\"><div class=\"block block--small content-video\">\n\t<div class=\"block__outer\">\n\t\t<div class=\"block__inner\">\n\t\t\t<div class=\"video\">\n\t\t\t\t<div class=\"vid-container lazy\">\n\t\t\t\t\t<div class=\"vid-container__inner\">\n\t\t\t\t\t\t<video data-src=\"https:\/\/www.ruppcheese.at\/wp-content\/uploads\/2025\/07\/produkte-ohneton-1.mp4|video\/mp4\" data-poster=\"https:\/\/www.ruppcheese.at\/wp-content\/uploads\/2025\/07\/produkte-ohneton-1-e1753180769483-768x417.jpg\" controls><\/video>\t\t\t\t\t<\/div>\n\t\t\t\t<\/div>\n\t\t\t\t<div class=\"video__overlay\">\n\t\t\t\t\t\t\t\t\t\t<div class=\"img-container img-container--cover lazy\">\n\t\t\t\t\t\t<div class=\"img-container__inner\">\n\t\t\t\t\t\t\t<img decoding=\"async\" src=\"https:\/\/www.ruppcheese.at\/wp-content\/uploads\/2025\/07\/produkte-ohneton-1-e1753180769483-50x27.jpg\" data-src=\"https:\/\/www.ruppcheese.at\/wp-content\/uploads\/2025\/07\/produkte-ohneton-1-e1753180769483-768x417.jpg\" data-srcset=\"https:\/\/www.ruppcheese.at\/wp-content\/uploads\/2025\/07\/produkte-ohneton-1-e1753180769483-768x417.jpg 768w, https:\/\/www.ruppcheese.at\/wp-content\/uploads\/2025\/07\/produkte-ohneton-1-e1753180769483-480x261.jpg 480w, https:\/\/www.ruppcheese.at\/wp-content\/uploads\/2025\/07\/produkte-ohneton-1-e1753180769483-1024x556.jpg 1024w, https:\/\/www.ruppcheese.at\/wp-content\/uploads\/2025\/07\/produkte-ohneton-1-e1753180769483-150x81.jpg 150w, https:\/\/www.ruppcheese.at\/wp-content\/uploads\/2025\/07\/produkte-ohneton-1-e1753180769483-1536x834.jpg 1536w, https:\/\/www.ruppcheese.at\/wp-content\/uploads\/2025\/07\/produkte-ohneton-1-e1753180769483-50x27.jpg 50w, https:\/\/www.ruppcheese.at\/wp-content\/uploads\/2025\/07\/produkte-ohneton-1-e1753180769483.jpg 1920w\" data-sizes=\"(max-width:768px) 100vw, 768px\" \/>\n\t\t\t\t\t\t<\/div>\n\t\t\t\t\t<\/div>\n\t\t\t\t\t\t\t\t\t<\/div>\n\t\t\t<\/div>\n\t\t<\/div>\n\t<\/div>\n<\/div><\/div>\n<\/div>\n<\/div><\/div><\/div>\n\n<div class=\"block block--small content-intro\">\n\t<div class=\"block__outer\">\n\t\t<div class=\"block__inner\">\n\t\t\t<div class=\"intro content\">\n\t\t\t\t\t\t\t\t<span class=\"tag\">Business units<\/span>\n\t\t\t\t\t\t\t\t<h2><\/h2>\n\t\t\t<\/div>\n\t\t<\/div>\n\t<\/div>\n<\/div>\n\n<div class=\"block block--regular content-spacing\" id=\"#block-spacing-4\" style=\"margin-top:-50px\">\n\t<div class=\"block__outer\" style=\"display:none\">\n\t\t<div class=\"block__inner\">\n\n\t\t<\/div>\n\t<\/div>\n<\/div>\n\n\n<div class=\"block block--extra-large content-wp-core-block\" data-wp-core-block-type=\"core\/columns\" data-wp-core-column-count=\"2\"><div class=\"block__outer\"><div class=\"block__inner\">\n<div class=\"wp-block-columns\">\n<div class=\"wp-block-column\" style=\"flex-basis:33.33%\"><div class=\"block block--small content-paragraph\">\n\t<div class=\"block__outer\">\n\t\t<div class=\"block__inner\">\n\t\t\t<div class=\"paragraph content\">\n\t\t\t\t<h3>Feel free to contact us for any query<\/h3>\n<p><a href=\"tel:004355738080\">T +43 (0) 5573 8080<\/a><br \/>\n<a href=\"mailto:cheese@rupp.at\">cheese@rupp.at<\/a><\/p>\n\t\t\t<\/div>\n\t\t<\/div>\n\t<\/div>\n<\/div><\/div>\n\n\n\n<div class=\"wp-block-column\" style=\"flex-basis:66.66%\"><div class=\"block block--small content-form\">\n\t<div class=\"block__outer\">\n\t\t<div class=\"block__inner\">\n\t\t\t<div class=\"form-builder\" id=\"form-9932\"><form action=\"https:\/\/www.ruppcheese.at\/wp-admin\/admin-post.php\" method=\"post\" enctype=\"multipart\/form-data\" autocomplete=\"off\" data-captcha-key=\"6LfXU58qAAAAAIjxYz_LXLuO_4qOVLFMwH6Ag6sw\"><input type=\"hidden\" name=\"action\" value=\"form_builder\"><input type=\"hidden\" name=\"action_link\" value=\"https:\/\/www.ruppcheese.at\/en\/business-units\/\"><input type=\"hidden\" name=\"action_post_id\" value=\"9932\"><div class=\"input-security\" aria-hidden=\"true\"><label for=\"middle_name\">Zweitname<\/label><input type=\"text\" name=\"middle_name\" id=\"middle_name\" tabindex=\"-1\" autocomplete=\"off\"><\/div><div class=\"input-wrapper\" data-input-width=\"100\">\n\t<label for=\"text-1\">\n\t\t<span class=\"title\">\n\t\t\tName\t\t<\/span>\n\t\t\t<\/label>\n\t<input class=\"input\" type=\"text\" name=\"text_1\" placeholder=\"\"   id=\"text-1\" ><\/div><div class=\"input-wrapper\" data-input-width=\"100\">\n\t<label for=\"email-2\">\n\t\t<span class=\"title\">\n\t\t\tE-Mail\t\t<\/span>\n\t\t\t<\/label>\n\t<input class=\"input\" type=\"email\" name=\"email\" placeholder=\"\" id=\"email-2\" ><\/div><div class=\"input-wrapper\" data-input-width=\"100\">\n\t<label for=\"text-3\">\n\t\t<span class=\"title\">\n\t\t\t Inquiry\t\t<\/span>\n\t\t\t<\/label>\n\t<input class=\"input\" type=\"text\" name=\"text_3\" placeholder=\"\"   id=\"text-3\" ><\/div><div class=\"note-wrapper note-wrapper--small content\">\n\t<p>*Required fields. This form is protected by reCAPTCHA. The <a href=\"https:\/\/policies.google.com\/privacy\">Google Data Protection Regulations<\/a>\u00a0and\u00a0<a>Conditions for Use<\/a> apply.\t\t\t\t<\/p>\n<\/div>\n<div class=\"submit-interim\">\n\t<button class=\"button button--secondary\" type=\"submit\" >\n\t\t<span>Send<\/span>\n\t<\/button>\n<\/div>\n<div class=\"note-wrapper note-wrapper--error content\">\n\t<p>Bitte \u00fcberpr\u00fcfen Sie Ihre Eingaben und f\u00fcllen Sie alle Felder vollst\u00e4ndig aus.<\/p>\n<\/div>\n<script src=\"https:\/\/www.google.com\/recaptcha\/api.js?render=6LfXU58qAAAAAIjxYz_LXLuO_4qOVLFMwH6Ag6sw\"><\/script><\/form><\/div>\t\t<\/div>\n\t<\/div>\n<\/div><\/div>\n<\/div>\n<\/div><\/div><\/div>","protected":false},"excerpt":{"rendered":"","protected":false},"author":1,"featured_media":16592,"parent":0,"menu_order":0,"comment_status":"closed","ping_status":"closed","template":"","meta":{"_acf_changed":true,"footnotes":""},"class_list":["post-9247","page","type-page","status-publish","has-post-thumbnail","hentry"],"yoast_head":"<!-- This site is optimized with the Yoast SEO plugin v27.4 - https:\/\/yoast.com\/product\/yoast-seo-wordpress\/ -->\n<title>Business Units - Rupp<\/title>\n<meta name=\"robots\" content=\"index, follow, max-snippet:-1, max-image-preview:large, max-video-preview:-1\" \/>\n<link rel=\"canonical\" href=\"https:\/\/www.ruppcheese.at\/en\/business-units\/\" \/>\n<meta property=\"og:locale\" content=\"en_US\" \/>\n<meta property=\"og:type\" content=\"article\" \/>\n<meta property=\"og:title\" content=\"Business Units - Rupp\" \/>\n<meta property=\"og:url\" content=\"https:\/\/www.ruppcheese.at\/en\/business-units\/\" \/>\n<meta property=\"og:site_name\" content=\"Rupp\" \/>\n<meta property=\"article:modified_time\" content=\"2025-08-21T13:26:18+00:00\" \/>\n<meta property=\"og:image\" content=\"https:\/\/www.ruppcheese.at\/wp-content\/uploads\/2025\/07\/rpc-geschaeftsbereiche-thumbnail.jpg\" \/>\n\t<meta property=\"og:image:width\" content=\"2560\" \/>\n\t<meta property=\"og:image:height\" content=\"1706\" \/>\n\t<meta property=\"og:image:type\" content=\"image\/jpeg\" \/>\n<meta name=\"twitter:card\" content=\"summary_large_image\" \/>\n<script type=\"application\/ld+json\" class=\"yoast-schema-graph\">{\"@context\":\"https:\\\/\\\/schema.org\",\"@graph\":[{\"@type\":\"WebPage\",\"@id\":\"https:\\\/\\\/www.ruppcheese.at\\\/en\\\/business-units\\\/\",\"url\":\"https:\\\/\\\/www.ruppcheese.at\\\/en\\\/business-units\\\/\",\"name\":\"Business Units - Rupp\",\"isPartOf\":{\"@id\":\"https:\\\/\\\/www.ruppcheese.at\\\/#website\"},\"primaryImageOfPage\":{\"@id\":\"https:\\\/\\\/www.ruppcheese.at\\\/en\\\/business-units\\\/#primaryimage\"},\"image\":{\"@id\":\"https:\\\/\\\/www.ruppcheese.at\\\/en\\\/business-units\\\/#primaryimage\"},\"thumbnailUrl\":\"https:\\\/\\\/www.ruppcheese.at\\\/wp-content\\\/uploads\\\/2025\\\/07\\\/rpc-geschaeftsbereiche-thumbnail.jpg\",\"datePublished\":\"2022-01-27T09:33:07+00:00\",\"dateModified\":\"2025-08-21T13:26:18+00:00\",\"breadcrumb\":{\"@id\":\"https:\\\/\\\/www.ruppcheese.at\\\/en\\\/business-units\\\/#breadcrumb\"},\"inLanguage\":\"en-US\",\"potentialAction\":[{\"@type\":\"ReadAction\",\"target\":[\"https:\\\/\\\/www.ruppcheese.at\\\/en\\\/business-units\\\/\"]}]},{\"@type\":\"ImageObject\",\"inLanguage\":\"en-US\",\"@id\":\"https:\\\/\\\/www.ruppcheese.at\\\/en\\\/business-units\\\/#primaryimage\",\"url\":\"https:\\\/\\\/www.ruppcheese.at\\\/wp-content\\\/uploads\\\/2025\\\/07\\\/rpc-geschaeftsbereiche-thumbnail.jpg\",\"contentUrl\":\"https:\\\/\\\/www.ruppcheese.at\\\/wp-content\\\/uploads\\\/2025\\\/07\\\/rpc-geschaeftsbereiche-thumbnail.jpg\",\"width\":2560,\"height\":1706},{\"@type\":\"BreadcrumbList\",\"@id\":\"https:\\\/\\\/www.ruppcheese.at\\\/en\\\/business-units\\\/#breadcrumb\",\"itemListElement\":[{\"@type\":\"ListItem\",\"position\":1,\"name\":\"Startseite\",\"item\":\"https:\\\/\\\/www.ruppcheese.at\\\/en\\\/\"},{\"@type\":\"ListItem\",\"position\":2,\"name\":\"Business Units\"}]},{\"@type\":\"WebSite\",\"@id\":\"https:\\\/\\\/www.ruppcheese.at\\\/#website\",\"url\":\"https:\\\/\\\/www.ruppcheese.at\\\/\",\"name\":\"Rupp\",\"description\":\"Rupp Unternehmenswebsite\",\"potentialAction\":[{\"@type\":\"SearchAction\",\"target\":{\"@type\":\"EntryPoint\",\"urlTemplate\":\"https:\\\/\\\/www.ruppcheese.at\\\/?s={search_term_string}\"},\"query-input\":{\"@type\":\"PropertyValueSpecification\",\"valueRequired\":true,\"valueName\":\"search_term_string\"}}],\"inLanguage\":\"en-US\"}]}<\/script>\n<!-- \/ Yoast SEO plugin. -->","yoast_head_json":{"title":"Business Units - Rupp","robots":{"index":"index","follow":"follow","max-snippet":"max-snippet:-1","max-image-preview":"max-image-preview:large","max-video-preview":"max-video-preview:-1"},"canonical":"https:\/\/www.ruppcheese.at\/en\/business-units\/","og_locale":"en_US","og_type":"article","og_title":"Business Units - Rupp","og_url":"https:\/\/www.ruppcheese.at\/en\/business-units\/","og_site_name":"Rupp","article_modified_time":"2025-08-21T13:26:18+00:00","og_image":[{"width":2560,"height":1706,"url":"https:\/\/www.ruppcheese.at\/wp-content\/uploads\/2025\/07\/rpc-geschaeftsbereiche-thumbnail.jpg","type":"image\/jpeg"}],"twitter_card":"summary_large_image","schema":{"@context":"https:\/\/schema.org","@graph":[{"@type":"WebPage","@id":"https:\/\/www.ruppcheese.at\/en\/business-units\/","url":"https:\/\/www.ruppcheese.at\/en\/business-units\/","name":"Business Units - Rupp","isPartOf":{"@id":"https:\/\/www.ruppcheese.at\/#website"},"primaryImageOfPage":{"@id":"https:\/\/www.ruppcheese.at\/en\/business-units\/#primaryimage"},"image":{"@id":"https:\/\/www.ruppcheese.at\/en\/business-units\/#primaryimage"},"thumbnailUrl":"https:\/\/www.ruppcheese.at\/wp-content\/uploads\/2025\/07\/rpc-geschaeftsbereiche-thumbnail.jpg","datePublished":"2022-01-27T09:33:07+00:00","dateModified":"2025-08-21T13:26:18+00:00","breadcrumb":{"@id":"https:\/\/www.ruppcheese.at\/en\/business-units\/#breadcrumb"},"inLanguage":"en-US","potentialAction":[{"@type":"ReadAction","target":["https:\/\/www.ruppcheese.at\/en\/business-units\/"]}]},{"@type":"ImageObject","inLanguage":"en-US","@id":"https:\/\/www.ruppcheese.at\/en\/business-units\/#primaryimage","url":"https:\/\/www.ruppcheese.at\/wp-content\/uploads\/2025\/07\/rpc-geschaeftsbereiche-thumbnail.jpg","contentUrl":"https:\/\/www.ruppcheese.at\/wp-content\/uploads\/2025\/07\/rpc-geschaeftsbereiche-thumbnail.jpg","width":2560,"height":1706},{"@type":"BreadcrumbList","@id":"https:\/\/www.ruppcheese.at\/en\/business-units\/#breadcrumb","itemListElement":[{"@type":"ListItem","position":1,"name":"Startseite","item":"https:\/\/www.ruppcheese.at\/en\/"},{"@type":"ListItem","position":2,"name":"Business Units"}]},{"@type":"WebSite","@id":"https:\/\/www.ruppcheese.at\/#website","url":"https:\/\/www.ruppcheese.at\/","name":"Rupp","description":"Rupp Unternehmenswebsite","potentialAction":[{"@type":"SearchAction","target":{"@type":"EntryPoint","urlTemplate":"https:\/\/www.ruppcheese.at\/?s={search_term_string}"},"query-input":{"@type":"PropertyValueSpecification","valueRequired":true,"valueName":"search_term_string"}}],"inLanguage":"en-US"}]}},"acf":[],"_links":{"self":[{"href":"https:\/\/www.ruppcheese.at\/en\/wp-json\/wp\/v2\/pages\/9247","targetHints":{"allow":["GET"]}}],"collection":[{"href":"https:\/\/www.ruppcheese.at\/en\/wp-json\/wp\/v2\/pages"}],"about":[{"href":"https:\/\/www.ruppcheese.at\/en\/wp-json\/wp\/v2\/types\/page"}],"author":[{"embeddable":true,"href":"https:\/\/www.ruppcheese.at\/en\/wp-json\/wp\/v2\/users\/1"}],"replies":[{"embeddable":true,"href":"https:\/\/www.ruppcheese.at\/en\/wp-json\/wp\/v2\/comments?post=9247"}],"version-history":[{"count":0,"href":"https:\/\/www.ruppcheese.at\/en\/wp-json\/wp\/v2\/pages\/9247\/revisions"}],"wp:featuredmedia":[{"embeddable":true,"href":"https:\/\/www.ruppcheese.at\/en\/wp-json\/wp\/v2\/media\/16592"}],"wp:attachment":[{"href":"https:\/\/www.ruppcheese.at\/en\/wp-json\/wp\/v2\/media?parent=9247"}],"curies":[{"name":"wp","href":"https:\/\/api.w.org\/{rel}","templated":true}]}}