{"id":9241,"date":"2021-12-20T17:38:58","date_gmt":"2021-12-20T16:38:58","guid":{"rendered":"https:\/\/www.rpc.bap.cc\/quality\/"},"modified":"2025-12-03T09:49:49","modified_gmt":"2025-12-03T08:49:49","slug":"quality","status":"publish","type":"page","link":"https:\/\/www.ruppcheese.at\/en\/quality\/","title":{"rendered":"Quality"},"content":{"rendered":"<div class=\"block block--small content-intro\">\n\t<div class=\"block__outer\">\n\t\t<div class=\"block__inner\">\n\t\t\t<div class=\"intro content\">\n\t\t\t\t\t\t\t\t<span class=\"tag\">QUALITY<\/span>\n\t\t\t\t\t\t\t\t<h2>We strive to be a world-leading cheese manufacturer, known for innovative and high-quality products. We achieve this through research and development, continually expanding our expertise and the skills of our professional employees.<\/h2>\n\t\t\t<\/div>\n\t\t<\/div>\n\t<\/div>\n<\/div>\n\n<div class=\"block block--large content-paragraph-image\">\n\t<div class=\"block__outer\">\n\t\t<div class=\"block__inner\">\n\t\t\t<div class=\"paragraph-image paragraph-image--left\">\n\t\t\t\t<div class=\"paragraph-image__text content\">\n\t\t\t\t\t<h3>What quality means to us<\/h3>\n<p>For us, quality means the ongoing improvement of our products. We place particular emphasis on sustainability and the highest standards. We ensure that every product reflects our commitment to excellence and responsible practices.<\/p>\n\t\t\t\t<\/div>\n\t\t\t\t<div class=\"paragraph-image__image\">\n\t\t\t\t\t<div class=\"img-container img-container--cover lazy\">\n\t\t\t\t\t\t<div class=\"img-container__inner\">\n\t\t\t\t\t\t\t<img decoding=\"async\" src=\"https:\/\/www.ruppcheese.at\/wp-content\/uploads\/2022\/04\/vlmi-rupp_fs21-32-50x35.jpg\" data-src=\"https:\/\/www.ruppcheese.at\/wp-content\/uploads\/2022\/04\/vlmi-rupp_fs21-32-1024x724.jpg\" data-srcset=\"https:\/\/www.ruppcheese.at\/wp-content\/uploads\/2022\/04\/vlmi-rupp_fs21-32-1024x724.jpg 1024w, https:\/\/www.ruppcheese.at\/wp-content\/uploads\/2022\/04\/vlmi-rupp_fs21-32-150x106.jpg 150w, https:\/\/www.ruppcheese.at\/wp-content\/uploads\/2022\/04\/vlmi-rupp_fs21-32-480x339.jpg 480w, https:\/\/www.ruppcheese.at\/wp-content\/uploads\/2022\/04\/vlmi-rupp_fs21-32-768x543.jpg 768w, https:\/\/www.ruppcheese.at\/wp-content\/uploads\/2022\/04\/vlmi-rupp_fs21-32-50x35.jpg 50w, https:\/\/www.ruppcheese.at\/wp-content\/uploads\/2022\/04\/vlmi-rupp_fs21-32.jpg 1229w\" data-sizes=\"(max-width:1024px) 100vw, 1024px\" title=\"vlmi-rupp_fs21-32\" alt=\"\" \/>\t\t\t\t\t\t<\/div>\n\t\t\t\t\t<\/div>\n\t\t\t\t<\/div>\n\t\t\t<\/div>\n\t\t<\/div>\n\t<\/div>\n<\/div>\n\n<style type=\"text\/css\">@media only screen and (max-width: 768px){#block-spacing-0{margin-top:50px!important;}}<\/style><div class=\"block block--regular content-spacing\" id=\"#block-spacing-0\" style=\"margin-top:100px\">\n\t<div class=\"block__outer\" style=\"display:block\">\n\t\t<div class=\"block__inner\">\n\n\t\t<\/div>\n\t<\/div>\n<\/div>\n\n\n<div class=\"block block--extra-large content-wp-core-block\" data-wp-core-block-type=\"core\/columns\" data-wp-core-column-count=\"1\"><div class=\"block__outer\"><div class=\"block__inner\">\n<div class=\"wp-block-columns has-background\" style=\"background-color:#ffcdc3\">\n<div class=\"wp-block-column\"><style type=\"text\/css\">@media only screen and (max-width: 768px){#block-spacing-1{margin-top:25px!important;}}<\/style><div class=\"block block--regular content-spacing\" id=\"#block-spacing-1\" style=\"margin-top:50px\">\n\t<div class=\"block__outer\" style=\"display:block\">\n\t\t<div class=\"block__inner\">\n\n\t\t<\/div>\n\t<\/div>\n<\/div>\n\n\n<div class=\"block block--small content-quote\">\n\t<div class=\"block__outer\">\n\t\t<div class=\"block__inner\">\n\t\t\t<div class=\"quote content\">\n\t\t\t\t<q>\u201eThe quality of a business relationship is essential at all times. Rupp is a reliable partner that brings the special quality of a family business to the collaboration and we aim to grow together with our partners.\u201d<\/q>\n\t\t\t\t<p>Laura Rupp<\/p>\t\t\t<\/div>\n\t\t<\/div>\n\t<\/div>\n<\/div>\n\n<style type=\"text\/css\">@media only screen and (max-width: 768px){#block-spacing-2{margin-top:25px!important;}}<\/style><div class=\"block block--regular content-spacing\" id=\"#block-spacing-2\" style=\"margin-top:50px\">\n\t<div class=\"block__outer\" style=\"display:block\">\n\t\t<div class=\"block__inner\">\n\n\t\t<\/div>\n\t<\/div>\n<\/div>\n<\/div>\n<\/div>\n<\/div><\/div><\/div>\n\n<style type=\"text\/css\">@media only screen and (max-width: 768px){#block-spacing-3{margin-top:50px!important;}}<\/style><div class=\"block block--regular content-spacing\" id=\"#block-spacing-3\" style=\"margin-top:100px\">\n\t<div class=\"block__outer\" style=\"display:block\">\n\t\t<div class=\"block__inner\">\n\n\t\t<\/div>\n\t<\/div>\n<\/div>\n\n\n<div class=\"block block--extra-large content-wp-core-block\" data-wp-core-block-type=\"core\/columns\" data-wp-core-column-count=\"2\"><div class=\"block__outer\"><div class=\"block__inner\">\n<div class=\"wp-block-columns\">\n<div class=\"wp-block-column\" style=\"flex-basis:20%\"><div class=\"block block--small content-paragraph\">\n\t<div class=\"block__outer\">\n\t\t<div class=\"block__inner\">\n\t\t\t<div class=\"paragraph content\">\n\t\t\t\t<p><img decoding=\"async\" style=\"max-width: 150px !important\" src=\"https:\/\/www.ruppcheese.at\/wp-content\/uploads\/2025\/07\/Gruppe-7897@2x.png\" alt=\"\" \/><\/p>\n\t\t\t<\/div>\n\t\t<\/div>\n\t<\/div>\n<\/div><\/div>\n\n\n\n<div class=\"wp-block-column\" style=\"flex-basis:80%\"><div class=\"block block--small content-paragraph\">\n\t<div class=\"block__outer\">\n\t\t<div class=\"block__inner\">\n\t\t\t<div class=\"paragraph content\">\n\t\t\t\t<h3>Certification and quality management<\/h3>\n<p>The production facilities and processes at Rupp are certified to the highest international standards.<\/p>\n<p>We operate under a strict HACCP system that guarantees the safety of our food and protection for the consumer. Compliance with all legal regulations and standards is a given. All Rupp sites are regularly inspected by independent institutions and auditors to ensure food safety.<\/p>\n\t\t\t<\/div>\n\t\t<\/div>\n\t<\/div>\n<\/div>\n\n<div class=\"block block--regular content-accordion\">\n\t<div class=\"block__outer\">\n\t\t<div class=\"block__inner\">\n\t\t\t<ul class=\"accordions\">\n\t\t\t\t<li class=\"accordion-item\">\n\t<div class=\"accordion-item__title content\">\n\t\t<p>Our certifications<\/p>\n\t<\/div>\n\t<div class=\"accordion-item__content content\">\n\t\t<table class=\"contenttable\" style=\"height: 127px\" summary=\"\" width=\"437\">\n<tbody>\n<tr>\n<td>IFS<\/td>\n<td>Since 2003<\/td>\n<\/tr>\n<tr>\n<td>BRC<\/td>\n<td>Since 2005<\/td>\n<\/tr>\n<tr>\n<td>TPM<\/td>\n<td>Since 2005<\/td>\n<\/tr>\n<tr>\n<td>Halal<\/td>\n<td>Since 2011<\/td>\n<\/tr>\n<\/tbody>\n<\/table>\n<p><img loading=\"lazy\" decoding=\"async\" class=\"alignnone wp-image-10244\" src=\"https:\/\/www.ruppcheese.at\/wp-content\/uploads\/2022\/06\/rpc-zertifizierung-480x109.png\" alt=\"RPC | Zertifizierung\" width=\"353\" height=\"80\" srcset=\"https:\/\/www.ruppcheese.at\/wp-content\/uploads\/2022\/06\/rpc-zertifizierung-480x109.png 480w, https:\/\/www.ruppcheese.at\/wp-content\/uploads\/2022\/06\/rpc-zertifizierung-150x34.png 150w, https:\/\/www.ruppcheese.at\/wp-content\/uploads\/2022\/06\/rpc-zertifizierung-50x11.png 50w, https:\/\/www.ruppcheese.at\/wp-content\/uploads\/2022\/06\/rpc-zertifizierung.png 490w\" sizes=\"auto, (max-width: 353px) 100vw, 353px\" \/><\/p>\n\t<\/div>\n<\/li>\t\t\t<\/ul>\n\t\t<\/div>\n\t<\/div>\n<\/div><\/div>\n<\/div>\n<\/div><\/div><\/div>\n\n<div class=\"block block--small content-separator\">\n\t<div class=\"block__outer\">\n\t\t<div class=\"block__inner\">\n\t\t\t<hr>\n\t\t<\/div>\n\t<\/div>\n<\/div>\n\n<div class=\"block block--extra-large content-wp-core-block\" data-wp-core-block-type=\"core\/columns\" data-wp-core-column-count=\"2\"><div class=\"block__outer\"><div class=\"block__inner\">\n<div class=\"wp-block-columns\">\n<div class=\"wp-block-column\" style=\"flex-basis:20%\"><div class=\"block block--small content-paragraph\">\n\t<div class=\"block__outer\">\n\t\t<div class=\"block__inner\">\n\t\t\t<div class=\"paragraph content\">\n\t\t\t\t<p><img decoding=\"async\" style=\"max-width: 150px !important\" src=\"https:\/\/www.ruppcheese.at\/wp-content\/uploads\/2025\/07\/Gruppe-7902@2x.png\" alt=\"\" \/><\/p>\n\t\t\t<\/div>\n\t\t<\/div>\n\t<\/div>\n<\/div><\/div>\n\n\n\n<div class=\"wp-block-column\" style=\"flex-basis:80%\"><div class=\"block block--small content-paragraph\">\n\t<div class=\"block__outer\">\n\t\t<div class=\"block__inner\">\n\t\t\t<div class=\"paragraph content\">\n\t\t\t\t<h3>Seal of quality and quality labels<\/h3>\n<p>Cheese isn\u2019t just a matter of taste. The quality and originality of our cheese specialties is confirmed by a wide range of quality seals and certification labels.<\/p>\n\t\t\t<\/div>\n\t\t<\/div>\n\t<\/div>\n<\/div>\n\n<div class=\"block block--regular content-accordion\">\n\t<div class=\"block__outer\">\n\t\t<div class=\"block__inner\">\n\t\t\t<ul class=\"accordions\">\n\t\t\t\t<li class=\"accordion-item\">\n\t<div class=\"accordion-item__title content\">\n\t\t<p>Our seals of approval<\/p>\n\t<\/div>\n\t<div class=\"accordion-item__content content\">\n\t\t<p>AMA, protected designation of origin (PDO), Heumilch, Austria Bio Guarantee, DE-\u00d6KO-001 and AT-BIO-301, Bioland, Naturland<\/p>\n<p><img loading=\"lazy\" decoding=\"async\" class=\"wp-image-17011 alignleft\" src=\"https:\/\/www.ruppcheese.at\/wp-content\/uploads\/2025\/07\/Oekosiegel-2.png\" alt=\"\" width=\"622\" height=\"70\" srcset=\"https:\/\/www.ruppcheese.at\/wp-content\/uploads\/2025\/07\/Oekosiegel-2.png 2560w, https:\/\/www.ruppcheese.at\/wp-content\/uploads\/2025\/07\/Oekosiegel-2-480x54.png 480w, https:\/\/www.ruppcheese.at\/wp-content\/uploads\/2025\/07\/Oekosiegel-2-1024x115.png 1024w, https:\/\/www.ruppcheese.at\/wp-content\/uploads\/2025\/07\/Oekosiegel-2-150x17.png 150w, https:\/\/www.ruppcheese.at\/wp-content\/uploads\/2025\/07\/Oekosiegel-2-768x86.png 768w, https:\/\/www.ruppcheese.at\/wp-content\/uploads\/2025\/07\/Oekosiegel-2-1536x172.png 1536w, https:\/\/www.ruppcheese.at\/wp-content\/uploads\/2025\/07\/Oekosiegel-2-2048x230.png 2048w, https:\/\/www.ruppcheese.at\/wp-content\/uploads\/2025\/07\/Oekosiegel-2-50x6.png 50w\" sizes=\"auto, (max-width: 622px) 100vw, 622px\" \/><\/p>\n<p>&nbsp;<\/p>\n\t<\/div>\n<\/li>\t\t\t<\/ul>\n\t\t<\/div>\n\t<\/div>\n<\/div><\/div>\n<\/div>\n<\/div><\/div><\/div>\n\n<div class=\"block block--small content-separator\">\n\t<div class=\"block__outer\">\n\t\t<div class=\"block__inner\">\n\t\t\t<hr>\n\t\t<\/div>\n\t<\/div>\n<\/div>\n\n<div class=\"block block--extra-large content-wp-core-block\" data-wp-core-block-type=\"core\/columns\" data-wp-core-column-count=\"2\"><div class=\"block__outer\"><div class=\"block__inner\">\n<div class=\"wp-block-columns\">\n<div class=\"wp-block-column\" style=\"flex-basis:20%\"><div class=\"block block--small content-paragraph\">\n\t<div class=\"block__outer\">\n\t\t<div class=\"block__inner\">\n\t\t\t<div class=\"paragraph content\">\n\t\t\t\t<p><img decoding=\"async\" style=\"max-width: 150px !important\" src=\"https:\/\/www.ruppcheese.at\/wp-content\/uploads\/2025\/07\/Gruppe-7903@2x.png\" alt=\"\" \/><\/p>\n\t\t\t<\/div>\n\t\t<\/div>\n\t<\/div>\n<\/div><\/div>\n\n\n\n<div class=\"wp-block-column\" style=\"flex-basis:80%\"><div class=\"block block--small content-paragraph\">\n\t<div class=\"block__outer\">\n\t\t<div class=\"block__inner\">\n\t\t\t<div class=\"paragraph content\">\n\t\t\t\t<h3 style=\"text-align: left\">Awards<\/h3>\n<p>Both the innovations and the traditional cheese specialities of the Rupp group are repeatedly honoured with the highest awards.<\/p>\n\t\t\t<\/div>\n\t\t<\/div>\n\t<\/div>\n<\/div>\n\n<div class=\"block block--regular content-accordion\">\n\t<div class=\"block__outer\">\n\t\t<div class=\"block__inner\">\n\t\t\t<ul class=\"accordions\">\n\t\t\t\t<li class=\"accordion-item\">\n\t<div class=\"accordion-item__title content\">\n\t\t<p>Our Awards<\/p>\n\t<\/div>\n\t<div class=\"accordion-item__content content\">\n\t\t<p class=\"bodytext\">Here is an excerpt of our awards:<\/p>\n<p><b>K\u00e4se-Kaiser<\/b><br \/>\nRupp has won the K\u00e4se-Kaiser award 19 times, and was awarded the Special K\u00e4se-Kaiser for special performance in export. In 2021, Alma Vorarlberger Bergk\u00e4se g.U. 6 month Lutzenreute received the coveted award.<\/p>\n<p><b>World Cheese Award 2021<br \/>\n<\/b>6x silver:<\/p>\n<ul>\n<li>Alma Vorarlberger Bergk\u00e4se g.U., aged for at least 12 months, Alma Bergsennerei Lutzenreute<\/li>\n<li>Alma Vorarlberger Bergk\u00e4se g.U., aged for at least 12 months, Alma Bergsennerei Hinteregg<\/li>\n<li>Alma Vorarlberger Bergk\u00e4se g.U., aged for at least 12 months, Alma Bergsennerei Schnepfau<\/li>\n<li>Alma Alp Cheese aged, Alpe Annalp<\/li>\n<li>Alma Alp Cheese aged, Alpe Kesenza<\/li>\n<li>Alma Hubaner Kaiser, Alma Bergsennerei Huban<\/li>\n<\/ul>\n<p>6x Bronze:<\/p>\n<ul>\n<li>Alma Vorarlberger Bergk\u00e4se g.U., aged for at least 10 months, Alma Bergsennerei Lutzenreute<\/li>\n<li>Alma Vorarlberger Bergk\u00e4se g.U., aged for at least 6 months, Alma Bergsennerei Hinteregg<\/li>\n<li>Alma Vorarlberger Bergk\u00e4se g.U., aged for at least 10 months, Alma Bergsennerei Hinteregg<\/li>\n<li>Alma Vorarlberger Bergk\u00e4se g.U., aged for at least 6 months, Alma Bergsennerei Schnepfau<\/li>\n<li>Alma Vorarlberger Bergk\u00e4se g.U., aged for at least 10 months, Alma Bergsennerei Schnepfau<\/li>\n<li>Alma Alpk\u00e4se aged, Alpe Unterhirschberg<\/li>\n<\/ul>\n<p><b>Cash Top Innovation <\/b><\/p>\n<ul>\n<li>2022 Rupp Black Pepper Slices<\/li>\n<li>2021 Rupp Finest Spread with Cheddar<\/li>\n<\/ul>\n<p><b>Kasermandl 2021<\/b><\/p>\n<p>Gold<\/p>\n<ul>\n<li>Alma Dairy Butter Alma Bergsennerei Huban<\/li>\n<li>Alma Vorarlberger Bergk\u00e4se g.U., aged for at least 10 months<\/li>\n<li>Alma Vorarlberger Bergk\u00e4se g.U., aged for at least 6 months, Alma Bergsennerei Hinteregg<\/li>\n<\/ul>\n<p>Silver<\/p>\n<ul>\n<li>Alma Vorarlberger Bergk\u00e4se g.U., aged for at least 6 months, Alma Bergsennerei Lutzenreute<\/li>\n<\/ul>\n<p><img loading=\"lazy\" decoding=\"async\" class=\"size-medium wp-image-10510 alignleft\" src=\"https:\/\/www.ruppcheese.at\/wp-content\/uploads\/2022\/06\/rpc-auszeichnungen-480x91.png\" alt=\"\" width=\"480\" height=\"91\" srcset=\"https:\/\/www.ruppcheese.at\/wp-content\/uploads\/2022\/06\/rpc-auszeichnungen-480x91.png 480w, https:\/\/www.ruppcheese.at\/wp-content\/uploads\/2022\/06\/rpc-auszeichnungen-150x28.png 150w, https:\/\/www.ruppcheese.at\/wp-content\/uploads\/2022\/06\/rpc-auszeichnungen-768x145.png 768w, https:\/\/www.ruppcheese.at\/wp-content\/uploads\/2022\/06\/rpc-auszeichnungen-1024x193.png 1024w, https:\/\/www.ruppcheese.at\/wp-content\/uploads\/2022\/06\/rpc-auszeichnungen-50x9.png 50w, https:\/\/www.ruppcheese.at\/wp-content\/uploads\/2022\/06\/rpc-auszeichnungen.png 1176w\" sizes=\"auto, (max-width: 480px) 100vw, 480px\" \/><\/p>\n\t<\/div>\n<\/li>\t\t\t<\/ul>\n\t\t<\/div>\n\t<\/div>\n<\/div><\/div>\n<\/div>\n<\/div><\/div><\/div>\n\n<div class=\"block block--small content-separator\">\n\t<div class=\"block__outer\">\n\t\t<div class=\"block__inner\">\n\t\t\t<hr>\n\t\t<\/div>\n\t<\/div>\n<\/div>\n\n<div class=\"block block--regular content-spacing\" id=\"#block-spacing-4\" style=\"margin-top:-100px\">\n\t<div class=\"block__outer\" style=\"display:none\">\n\t\t<div class=\"block__inner\">\n\n\t\t<\/div>\n\t<\/div>\n<\/div>\n\n\n<div class=\"block content-wp-core-block\" data-wp-core-block-type=\"core\/group\" ><div class=\"block__outer\"><div class=\"block__inner\">\n<div class=\"wp-block-group\"><div class=\"wp-block-group__inner-container\"><div class=\"block block--small content-intro\">\n\t<div class=\"block__outer\">\n\t\t<div class=\"block__inner\">\n\t\t\t<div class=\"intro content\">\n\t\t\t\t\t\t\t\t<span class=\"tag\">JOB OPENINGS<\/span>\n\t\t\t\t\t\t\t\t<h2>Say yes to unique career opportunities and join Rupp<\/h2>\n\t\t\t<\/div>\n\t\t<\/div>\n\t<\/div>\n<\/div>\n\n<div class=\"block block--extra-large content-wp-core-block\" data-wp-core-block-type=\"core\/columns\" data-wp-core-column-count=\"2\"><div class=\"block__outer\"><div class=\"block__inner\">\n<div class=\"wp-block-columns are-vertically-aligned-center\">\n<div class=\"wp-block-column is-vertically-aligned-center\"><div class=\"block block--small content-paragraph\">\n\t<div class=\"block__outer\">\n\t\t<div class=\"block__inner\">\n\t\t\t<div class=\"paragraph content\">\n\t\t\t\t<p><img decoding=\"async\" style=\"width: 100%;height: auto\" src=\"https:\/\/www.ruppcheese.at\/wp-content\/uploads\/2025\/07\/Gruppe-7958@2x.jpg\" alt=\"\" \/><\/p>\n\t\t\t<\/div>\n\t\t<\/div>\n\t<\/div>\n<\/div><\/div>\n\n\n\n<div class=\"wp-block-column is-vertically-aligned-center\"><div class=\"block block--small content-paragraph\">\n\t<div class=\"block__outer\">\n\t\t<div class=\"block__inner\">\n\t\t\t<div class=\"paragraph content\">\n\t\t\t\t<h3>Your career with pleasure.<\/h3>\n<p>Are you looking for a fulfilling career and new challenges? At Rupp, we offer exciting opportunities, a dynamic working environment and a collaborative team. Join us and help shape the future!<\/p>\n\t\t\t<\/div>\n\t\t<\/div>\n\t<\/div>\n<\/div>\n\n<div class=\"block block--regular content-spacing\" id=\"#block-spacing-5\" style=\"margin-top:-20px\">\n\t<div class=\"block__outer\" style=\"display:none\">\n\t\t<div class=\"block__inner\">\n\n\t\t<\/div>\n\t<\/div>\n<\/div>\n\n\n<div class=\"block block--small content-button\">\n\t<div class=\"block__outer\">\n\t\t<div class=\"block__inner\" style=\"text-align:left\">\n\t\t\t<a class=\"button button--secondary\" href=\"https:\/\/www.ruppcheese.at\/en\/job-openings\/\" target=\"\" rel=\"noopener\"><span>JOBS OPENINGS<\/span><\/a>\t\t<\/div>\n\t<\/div>\n<\/div><\/div>\n<\/div>\n<\/div><\/div><\/div><\/div>\n<\/div><\/div><\/div><\/div>","protected":false},"excerpt":{"rendered":"","protected":false},"author":1,"featured_media":16596,"parent":0,"menu_order":0,"comment_status":"closed","ping_status":"closed","template":"","meta":{"_acf_changed":true,"footnotes":""},"class_list":["post-9241","page","type-page","status-publish","has-post-thumbnail","hentry"],"yoast_head":"<!-- This site is optimized with the Yoast SEO plugin v27.6 - https:\/\/yoast.com\/product\/yoast-seo-wordpress\/ -->\n<title>Quality - Rupp<\/title>\n<meta name=\"robots\" content=\"index, follow, max-snippet:-1, max-image-preview:large, max-video-preview:-1\" \/>\n<link rel=\"canonical\" href=\"https:\/\/www.ruppcheese.at\/en\/quality\/\" \/>\n<meta property=\"og:locale\" content=\"en_US\" \/>\n<meta property=\"og:type\" content=\"article\" \/>\n<meta property=\"og:title\" content=\"Quality - Rupp\" \/>\n<meta property=\"og:url\" content=\"https:\/\/www.ruppcheese.at\/en\/quality\/\" \/>\n<meta property=\"og:site_name\" content=\"Rupp\" \/>\n<meta property=\"article:modified_time\" content=\"2025-12-03T08:49:49+00:00\" \/>\n<meta property=\"og:image\" content=\"https:\/\/www.ruppcheese.at\/wp-content\/uploads\/2025\/07\/rpc-qualitaet-thumbnail-1024x682.jpg\" \/>\n\t<meta property=\"og:image:width\" content=\"1024\" \/>\n\t<meta property=\"og:image:height\" content=\"682\" \/>\n\t<meta property=\"og:image:type\" content=\"image\/jpeg\" \/>\n<meta name=\"twitter:card\" content=\"summary_large_image\" \/>\n<script type=\"application\/ld+json\" class=\"yoast-schema-graph\">{\"@context\":\"https:\\\/\\\/schema.org\",\"@graph\":[{\"@type\":\"WebPage\",\"@id\":\"https:\\\/\\\/www.ruppcheese.at\\\/en\\\/quality\\\/\",\"url\":\"https:\\\/\\\/www.ruppcheese.at\\\/en\\\/quality\\\/\",\"name\":\"Quality - Rupp\",\"isPartOf\":{\"@id\":\"https:\\\/\\\/www.ruppcheese.at\\\/#website\"},\"primaryImageOfPage\":{\"@id\":\"https:\\\/\\\/www.ruppcheese.at\\\/en\\\/quality\\\/#primaryimage\"},\"image\":{\"@id\":\"https:\\\/\\\/www.ruppcheese.at\\\/en\\\/quality\\\/#primaryimage\"},\"thumbnailUrl\":\"https:\\\/\\\/www.ruppcheese.at\\\/wp-content\\\/uploads\\\/2025\\\/07\\\/rpc-qualitaet-thumbnail.jpg\",\"datePublished\":\"2021-12-20T16:38:58+00:00\",\"dateModified\":\"2025-12-03T08:49:49+00:00\",\"breadcrumb\":{\"@id\":\"https:\\\/\\\/www.ruppcheese.at\\\/en\\\/quality\\\/#breadcrumb\"},\"inLanguage\":\"en-US\",\"potentialAction\":[{\"@type\":\"ReadAction\",\"target\":[\"https:\\\/\\\/www.ruppcheese.at\\\/en\\\/quality\\\/\"]}]},{\"@type\":\"ImageObject\",\"inLanguage\":\"en-US\",\"@id\":\"https:\\\/\\\/www.ruppcheese.at\\\/en\\\/quality\\\/#primaryimage\",\"url\":\"https:\\\/\\\/www.ruppcheese.at\\\/wp-content\\\/uploads\\\/2025\\\/07\\\/rpc-qualitaet-thumbnail.jpg\",\"contentUrl\":\"https:\\\/\\\/www.ruppcheese.at\\\/wp-content\\\/uploads\\\/2025\\\/07\\\/rpc-qualitaet-thumbnail.jpg\",\"width\":2560,\"height\":1706},{\"@type\":\"BreadcrumbList\",\"@id\":\"https:\\\/\\\/www.ruppcheese.at\\\/en\\\/quality\\\/#breadcrumb\",\"itemListElement\":[{\"@type\":\"ListItem\",\"position\":1,\"name\":\"Startseite\",\"item\":\"https:\\\/\\\/www.ruppcheese.at\\\/en\\\/\"},{\"@type\":\"ListItem\",\"position\":2,\"name\":\"Quality\"}]},{\"@type\":\"WebSite\",\"@id\":\"https:\\\/\\\/www.ruppcheese.at\\\/#website\",\"url\":\"https:\\\/\\\/www.ruppcheese.at\\\/\",\"name\":\"Rupp\",\"description\":\"Rupp Unternehmenswebsite\",\"potentialAction\":[{\"@type\":\"SearchAction\",\"target\":{\"@type\":\"EntryPoint\",\"urlTemplate\":\"https:\\\/\\\/www.ruppcheese.at\\\/?s={search_term_string}\"},\"query-input\":{\"@type\":\"PropertyValueSpecification\",\"valueRequired\":true,\"valueName\":\"search_term_string\"}}],\"inLanguage\":\"en-US\"}]}<\/script>\n<!-- \/ Yoast SEO plugin. -->","yoast_head_json":{"title":"Quality - Rupp","robots":{"index":"index","follow":"follow","max-snippet":"max-snippet:-1","max-image-preview":"max-image-preview:large","max-video-preview":"max-video-preview:-1"},"canonical":"https:\/\/www.ruppcheese.at\/en\/quality\/","og_locale":"en_US","og_type":"article","og_title":"Quality - Rupp","og_url":"https:\/\/www.ruppcheese.at\/en\/quality\/","og_site_name":"Rupp","article_modified_time":"2025-12-03T08:49:49+00:00","og_image":[{"width":1024,"height":682,"url":"https:\/\/www.ruppcheese.at\/wp-content\/uploads\/2025\/07\/rpc-qualitaet-thumbnail-1024x682.jpg","type":"image\/jpeg"}],"twitter_card":"summary_large_image","schema":{"@context":"https:\/\/schema.org","@graph":[{"@type":"WebPage","@id":"https:\/\/www.ruppcheese.at\/en\/quality\/","url":"https:\/\/www.ruppcheese.at\/en\/quality\/","name":"Quality - Rupp","isPartOf":{"@id":"https:\/\/www.ruppcheese.at\/#website"},"primaryImageOfPage":{"@id":"https:\/\/www.ruppcheese.at\/en\/quality\/#primaryimage"},"image":{"@id":"https:\/\/www.ruppcheese.at\/en\/quality\/#primaryimage"},"thumbnailUrl":"https:\/\/www.ruppcheese.at\/wp-content\/uploads\/2025\/07\/rpc-qualitaet-thumbnail.jpg","datePublished":"2021-12-20T16:38:58+00:00","dateModified":"2025-12-03T08:49:49+00:00","breadcrumb":{"@id":"https:\/\/www.ruppcheese.at\/en\/quality\/#breadcrumb"},"inLanguage":"en-US","potentialAction":[{"@type":"ReadAction","target":["https:\/\/www.ruppcheese.at\/en\/quality\/"]}]},{"@type":"ImageObject","inLanguage":"en-US","@id":"https:\/\/www.ruppcheese.at\/en\/quality\/#primaryimage","url":"https:\/\/www.ruppcheese.at\/wp-content\/uploads\/2025\/07\/rpc-qualitaet-thumbnail.jpg","contentUrl":"https:\/\/www.ruppcheese.at\/wp-content\/uploads\/2025\/07\/rpc-qualitaet-thumbnail.jpg","width":2560,"height":1706},{"@type":"BreadcrumbList","@id":"https:\/\/www.ruppcheese.at\/en\/quality\/#breadcrumb","itemListElement":[{"@type":"ListItem","position":1,"name":"Startseite","item":"https:\/\/www.ruppcheese.at\/en\/"},{"@type":"ListItem","position":2,"name":"Quality"}]},{"@type":"WebSite","@id":"https:\/\/www.ruppcheese.at\/#website","url":"https:\/\/www.ruppcheese.at\/","name":"Rupp","description":"Rupp Unternehmenswebsite","potentialAction":[{"@type":"SearchAction","target":{"@type":"EntryPoint","urlTemplate":"https:\/\/www.ruppcheese.at\/?s={search_term_string}"},"query-input":{"@type":"PropertyValueSpecification","valueRequired":true,"valueName":"search_term_string"}}],"inLanguage":"en-US"}]}},"acf":[],"_links":{"self":[{"href":"https:\/\/www.ruppcheese.at\/en\/wp-json\/wp\/v2\/pages\/9241","targetHints":{"allow":["GET"]}}],"collection":[{"href":"https:\/\/www.ruppcheese.at\/en\/wp-json\/wp\/v2\/pages"}],"about":[{"href":"https:\/\/www.ruppcheese.at\/en\/wp-json\/wp\/v2\/types\/page"}],"author":[{"embeddable":true,"href":"https:\/\/www.ruppcheese.at\/en\/wp-json\/wp\/v2\/users\/1"}],"replies":[{"embeddable":true,"href":"https:\/\/www.ruppcheese.at\/en\/wp-json\/wp\/v2\/comments?post=9241"}],"version-history":[{"count":0,"href":"https:\/\/www.ruppcheese.at\/en\/wp-json\/wp\/v2\/pages\/9241\/revisions"}],"wp:featuredmedia":[{"embeddable":true,"href":"https:\/\/www.ruppcheese.at\/en\/wp-json\/wp\/v2\/media\/16596"}],"wp:attachment":[{"href":"https:\/\/www.ruppcheese.at\/en\/wp-json\/wp\/v2\/media?parent=9241"}],"curies":[{"name":"wp","href":"https:\/\/api.w.org\/{rel}","templated":true}]}}