{"id":9235,"date":"2021-12-20T17:38:34","date_gmt":"2021-12-20T16:38:34","guid":{"rendered":"https:\/\/www.rpc.bap.cc\/company-sites\/"},"modified":"2025-12-03T09:51:54","modified_gmt":"2025-12-03T08:51:54","slug":"company-sites","status":"publish","type":"page","link":"https:\/\/www.ruppcheese.at\/en\/company-sites\/","title":{"rendered":"Company Sites"},"content":{"rendered":"<div class=\"block block--regular content-spacing\" id=\"#block-spacing-0\" style=\"margin-top:-60px\">\n\t<div class=\"block__outer\" style=\"display:none\">\n\t\t<div class=\"block__inner\">\n\n\t\t<\/div>\n\t<\/div>\n<\/div>\n\n\n<div class=\"block block--extra-large content-wp-core-block\" data-wp-core-block-type=\"core\/columns\" data-wp-core-column-count=\"1\"><div class=\"block__outer\"><div class=\"block__inner\">\n<div class=\"wp-block-columns has-background\" style=\"background-color:#ffcdc3\">\n<div class=\"wp-block-column\"><div class=\"block block--small content-intro\">\n\t<div class=\"block__outer\">\n\t\t<div class=\"block__inner\">\n\t\t\t<div class=\"intro content\">\n\t\t\t\t\t\t\t\t<span class=\"tag\">COMPANY SITES<\/span>\n\t\t\t\t\t\t\t\t<h2>From our headquarters in H\u00f6rbranz, Austria, and 12 other locations, we supply cheese solutions all over the world.<\/h2>\n\t\t\t<\/div>\n\t\t<\/div>\n\t<\/div>\n<\/div><\/div>\n<\/div>\n<\/div><\/div><\/div>\n\n<div class=\"block block--regular content-spacing\" id=\"#block-spacing-1\" style=\"margin-top:-60px\">\n\t<div class=\"block__outer\" style=\"display:none\">\n\t\t<div class=\"block__inner\">\n\n\t\t<\/div>\n\t<\/div>\n<\/div>\n\n\n<div class=\"block block-full content-hotspots\">\n\t<div class=\"block__outer\">\n\t\t<div class=\"block__inner\">\n\t\t\t<div class=\"hotspots\">\n\t\t\t\t<div class=\"img-container img-container--contain lazy hotspots-bg-img-wrapper\">\n\t\t\t\t\t<div class=\"img-container__inner hotspots-bg-img\">\n\t\t\t\t\t\t<img decoding=\"async\" src=\"https:\/\/www.ruppcheese.at\/wp-content\/uploads\/2025\/07\/rpc-weltkarte-desktop-50x32.png\" data-src=\"https:\/\/www.ruppcheese.at\/wp-content\/uploads\/2025\/07\/rpc-weltkarte-desktop-1024x661.png\" data-srcset=\"https:\/\/www.ruppcheese.at\/wp-content\/uploads\/2025\/07\/rpc-weltkarte-desktop-1024x661.png 1024w, https:\/\/www.ruppcheese.at\/wp-content\/uploads\/2025\/07\/rpc-weltkarte-desktop-480x310.png 480w, https:\/\/www.ruppcheese.at\/wp-content\/uploads\/2025\/07\/rpc-weltkarte-desktop-150x97.png 150w, https:\/\/www.ruppcheese.at\/wp-content\/uploads\/2025\/07\/rpc-weltkarte-desktop-768x496.png 768w, https:\/\/www.ruppcheese.at\/wp-content\/uploads\/2025\/07\/rpc-weltkarte-desktop-1536x992.png 1536w, https:\/\/www.ruppcheese.at\/wp-content\/uploads\/2025\/07\/rpc-weltkarte-desktop-2048x1322.png 2048w, https:\/\/www.ruppcheese.at\/wp-content\/uploads\/2025\/07\/rpc-weltkarte-desktop-50x32.png 50w\" data-sizes=\"(max-width:2048px) 100vw, 2048px\" alt=\"\" \/>\t\t\t\t\t\t<div class=\"hotspots-infobox-content\" style=\"top: 42%; left: 9.5%\">\n\t\t\t\t\t\t\t<div class=\"hotspots-icon\">\n\t\t\t\t\t\t\t\t\t\t\t\t\t\t\t\t<img decoding=\"async\" src=\"https:\/\/www.ruppcheese.at\/wp-content\/themes\/bap-theme-builder-company-master\/assets\/imgs\/rpc-icon-hauptstandort.svg\">\n\t\t\t\t\t\t\t<\/div>\n\t\t\t\t\t\t\t<div class=\"hotspots-infobox\">\n\t\t\t\t\t\t\t\t\n\t\t\t\t\t\t\t\t\t\t<p><b>Rupp Austria GmbH<\/b><\/p>\n\t\t\t\t\t\t\t\t\t\t<p>H\u00f6rbranz<\/p>\n\t\t\t\t\t\t\t\t\t\t<p>Austria<\/p>\n\t\t\t\t\t\t\t\t\t\t\t\t\t\t\t\t<\/div>\n\t\t\t\t\t\t<\/div>\n\t\t\t\t\t\t\t\t\t\t\t\t<div class=\"hotspots-infobox-content\" style=\"top: 40.5%; left: 10.5%\">\n\t\t\t\t\t\t\t<div class=\"hotspots-icon\">\n\t\t\t\t\t\t\t\t\t\t\t\t\t\t\t\t<img decoding=\"async\" src=\"https:\/\/www.ruppcheese.at\/wp-content\/themes\/bap-theme-builder-company-master\/assets\/imgs\/rpc-icon-produktionswerk.svg\">\n\t\t\t\t\t\t\t<\/div>\n\t\t\t\t\t\t\t<div class=\"hotspots-infobox\">\n\t\t\t\t\t\t\t\t\n\t\t\t\t\t\t\t\t\t\t<p><b>Rupp Lindenberg Produktions GmbH, S&amp;R Lindenberg Produktions GmbH<\/b><\/p>\n\t\t\t\t\t\t\t\t\t\t<p>Lindenberg<\/p>\n\t\t\t\t\t\t\t\t\t\t<p>Germany<\/p>\n\t\t\t\t\t\t\t\t\t\t\t\t\t\t\t\t<\/div>\n\t\t\t\t\t\t<\/div>\n\t\t\t\t\t\t\t\t\t\t\t\t<div class=\"hotspots-infobox-content\" style=\"top: 41.5%; left: 7%\">\n\t\t\t\t\t\t\t<div class=\"hotspots-icon\">\n\t\t\t\t\t\t\t\t\t\t\t\t\t\t\t\t<img decoding=\"async\" src=\"https:\/\/www.ruppcheese.at\/wp-content\/themes\/bap-theme-builder-company-master\/assets\/imgs\/rpc-icon-produktionswerk.svg\">\n\t\t\t\t\t\t\t<\/div>\n\t\t\t\t\t\t\t<div class=\"hotspots-infobox\">\n\t\t\t\t\t\t\t\t\n\t\t\t\t\t\t\t\t\t\t<p><b>Soci\u00e9t\u00e9 Industrielle Fromag\u00e9re<\/b><\/p>\n\t\t\t\t\t\t\t\t\t\t<p>Vesoul<\/p>\n\t\t\t\t\t\t\t\t\t\t<p>France<\/p>\n\t\t\t\t\t\t\t\t\t\t\t\t\t\t\t\t<\/div>\n\t\t\t\t\t\t<\/div>\n\t\t\t\t\t\t\t\t\t\t\t\t<div class=\"hotspots-infobox-content\" style=\"top: 49%; left: 5%\">\n\t\t\t\t\t\t\t<div class=\"hotspots-icon\">\n\t\t\t\t\t\t\t\t\t\t\t\t\t\t\t\t<img decoding=\"async\" src=\"https:\/\/www.ruppcheese.at\/wp-content\/themes\/bap-theme-builder-company-master\/assets\/imgs\/rpc-icon-produktionswerk.svg\">\n\t\t\t\t\t\t\t<\/div>\n\t\t\t\t\t\t\t<div class=\"hotspots-infobox\">\n\t\t\t\t\t\t\t\t\n\t\t\t\t\t\t\t\t\t\t<p><b>Rupp Cheese Espa\u00f1a S.l.<\/b><\/p>\n\t\t\t\t\t\t\t\t\t\t<p>Barcelona<\/p>\n\t\t\t\t\t\t\t\t\t\t<p>Spain<\/p>\n\t\t\t\t\t\t\t\t\t\t\t\t\t\t\t\t<\/div>\n\t\t\t\t\t\t<\/div>\n\t\t\t\t\t\t\t\t\t\t\t\t<div class=\"hotspots-infobox-content\" style=\"top: 44.5%; left: 10%\">\n\t\t\t\t\t\t\t<div class=\"hotspots-icon\">\n\t\t\t\t\t\t\t\t\t\t\t\t\t\t\t\t<img decoding=\"async\" src=\"https:\/\/www.ruppcheese.at\/wp-content\/themes\/bap-theme-builder-company-master\/assets\/imgs\/rpc-icon-produktionswerk.svg\">\n\t\t\t\t\t\t\t<\/div>\n\t\t\t\t\t\t\t<div class=\"hotspots-infobox\">\n\t\t\t\t\t\t\t\t\n\t\t\t\t\t\t\t\t\t\t<p><b>Primo \u2013 Rupp Italia Srl<\/b><\/p>\n\t\t\t\t\t\t\t\t\t\t<p>Cremona<\/p>\n\t\t\t\t\t\t\t\t\t\t<p>Italy<\/p>\n\t\t\t\t\t\t\t\t\t\t\t\t\t\t\t\t<\/div>\n\t\t\t\t\t\t<\/div>\n\t\t\t\t\t\t\t\t\t\t\t\t<div class=\"hotspots-infobox-content\" style=\"top: 52%; left: 62%\">\n\t\t\t\t\t\t\t<div class=\"hotspots-icon\">\n\t\t\t\t\t\t\t\t\t\t\t\t\t\t\t\t<img decoding=\"async\" src=\"https:\/\/www.ruppcheese.at\/wp-content\/themes\/bap-theme-builder-company-master\/assets\/imgs\/rpc-icon-produktionswerk.svg\">\n\t\t\t\t\t\t\t<\/div>\n\t\t\t\t\t\t\t<div class=\"hotspots-infobox\">\n\t\t\t\t\t\t\t\t\n\t\t\t\t\t\t\t\t\t\t<p><b>Rupp &amp; DaChan Foods<\/b><\/p>\n\t\t\t\t\t\t\t\t\t\t<p>Tianjin<\/p>\n\t\t\t\t\t\t\t\t\t\t<p>China<\/p>\n\t\t\t\t\t\t\t\t\t\t\t\t\t\t\t\t<\/div>\n\t\t\t\t\t\t<\/div>\n\t\t\t\t\t\t\t\t\t\t\t\t<div class=\"hotspots-infobox-content\" style=\"top: 41%; left: 5.5%\">\n\t\t\t\t\t\t\t<div class=\"hotspots-icon\">\n\t\t\t\t\t\t\t\t\t\t\t\t\t\t\t\t<img decoding=\"async\" src=\"https:\/\/www.ruppcheese.at\/wp-content\/themes\/bap-theme-builder-company-master\/assets\/imgs\/rpc-icon-verkaufsniederlassung.svg\">\n\t\t\t\t\t\t\t<\/div>\n\t\t\t\t\t\t\t<div class=\"hotspots-infobox\">\n\t\t\t\t\t\t\t\t\n\t\t\t\t\t\t\t\t\t\t<p><b>Rupp Cheese France SAS<\/b><\/p>\n\t\t\t\t\t\t\t\t\t\t<p>Paris<\/p>\n\t\t\t\t\t\t\t\t\t\t<p>France<\/p>\n\t\t\t\t\t\t\t\t\t\t\t\t\t\t\t\t<\/div>\n\t\t\t\t\t\t<\/div>\n\t\t\t\t\t\t\t\t\t\t\t\t<div class=\"hotspots-infobox-content\" style=\"top: 66%; left: 31%\">\n\t\t\t\t\t\t\t<div class=\"hotspots-icon\">\n\t\t\t\t\t\t\t\t\t\t\t\t\t\t\t\t<img decoding=\"async\" src=\"https:\/\/www.ruppcheese.at\/wp-content\/themes\/bap-theme-builder-company-master\/assets\/imgs\/rpc-icon-verkaufsniederlassung.svg\">\n\t\t\t\t\t\t\t<\/div>\n\t\t\t\t\t\t\t<div class=\"hotspots-infobox\">\n\t\t\t\t\t\t\t\t\n\t\t\t\t\t\t\t\t\t\t<p><b>Rupp MEA<\/b><\/p>\n\t\t\t\t\t\t\t\t\t\t<p>Dubai<\/p>\n\t\t\t\t\t\t\t\t\t\t<p>United Arab Emirates<\/p>\n\t\t\t\t\t\t\t\t\t\t\t\t\t\t\t\t<\/div>\n\t\t\t\t\t\t<\/div>\n\t\t\t\t\t\t\t\t\t\t\t\t<div class=\"hotspots-infobox-content\" style=\"top: 36%; left: 1%\">\n\t\t\t\t\t\t\t<div class=\"hotspots-icon\">\n\t\t\t\t\t\t\t\t\t\t\t\t\t\t\t\t<img decoding=\"async\" src=\"https:\/\/www.ruppcheese.at\/wp-content\/themes\/bap-theme-builder-company-master\/assets\/imgs\/rpc-icon-produktionswerk.svg\">\n\t\t\t\t\t\t\t<\/div>\n\t\t\t\t\t\t\t<div class=\"hotspots-infobox\">\n\t\t\t\t\t\t\t\t\n\t\t\t\t\t\t\t\t\t\t<p><b>Ingredient Solutions<\/b><\/p>\n\t\t\t\t\t\t\t\t\t\t<p>Boherbue<\/p>\n\t\t\t\t\t\t\t\t\t\t<p>Irland<\/p>\n\t\t\t\t\t\t\t\t\t\t\t\t\t\t\t\t<\/div>\n\t\t\t\t\t\t<\/div>\n\t\t\t\t\t\t\t\t\t\t\t\t<div class=\"hotspots-infobox-content\" style=\"top: 37%; left: 4.5%\">\n\t\t\t\t\t\t\t<div class=\"hotspots-icon\">\n\t\t\t\t\t\t\t\t\t\t\t\t\t\t\t\t<img decoding=\"async\" src=\"https:\/\/www.ruppcheese.at\/wp-content\/themes\/bap-theme-builder-company-master\/assets\/imgs\/rpc-icon-verkaufsniederlassung.svg\">\n\t\t\t\t\t\t\t<\/div>\n\t\t\t\t\t\t\t<div class=\"hotspots-infobox\">\n\t\t\t\t\t\t\t\t\n\t\t\t\t\t\t\t\t\t\t<p><b>Rupp UK<\/b><\/p>\n\t\t\t\t\t\t\t\t\t\t<p>London<\/p>\n\t\t\t\t\t\t\t\t\t\t<p>England<\/p>\n\t\t\t\t\t\t\t\t\t\t\t\t\t\t\t\t<\/div>\n\t\t\t\t\t\t<\/div>\n\t\t\t\t\t\t\t\t\t\t\t\t<div class=\"hotspots-infobox-content\" style=\"top: 85%; left: 54%\">\n\t\t\t\t\t\t\t<div class=\"hotspots-icon\">\n\t\t\t\t\t\t\t\t\t\t\t\t\t\t\t\t<img decoding=\"async\" src=\"https:\/\/www.ruppcheese.at\/wp-content\/themes\/bap-theme-builder-company-master\/assets\/imgs\/rpc-icon-verkaufsniederlassung.svg\">\n\t\t\t\t\t\t\t<\/div>\n\t\t\t\t\t\t\t<div class=\"hotspots-infobox\">\n\t\t\t\t\t\t\t\t\n\t\t\t\t\t\t\t\t\t\t<p><b>Rupp Asia<\/b><\/p>\n\t\t\t\t\t\t\t\t\t\t<p>Kuala Lumpur<\/p>\n\t\t\t\t\t\t\t\t\t\t<p>Malaysia<\/p>\n\t\t\t\t\t\t\t\t\t\t\t\t\t\t\t\t<\/div>\n\t\t\t\t\t\t<\/div>\n\t\t\t\t\t\t\t\t\t\t\t\t<div class=\"hotspots-infobox-content\" style=\"top: 47%; left: 2%\">\n\t\t\t\t\t\t\t<div class=\"hotspots-icon\">\n\t\t\t\t\t\t\t\t\t\t\t\t\t\t\t\t<img decoding=\"async\" src=\"https:\/\/www.ruppcheese.at\/wp-content\/themes\/bap-theme-builder-company-master\/assets\/imgs\/rpc-icon-produktionswerk.svg\">\n\t\t\t\t\t\t\t<\/div>\n\t\t\t\t\t\t\t<div class=\"hotspots-infobox\">\n\t\t\t\t\t\t\t\t\n\t\t\t\t\t\t\t\t\t\t<p><b>Juan Martinez S.L.<\/b><\/p>\n\t\t\t\t\t\t\t\t\t\t<p>Oviedo<\/p>\n\t\t\t\t\t\t\t\t\t\t<p>Spain<\/p>\n\t\t\t\t\t\t\t\t\t\t\t\t\t\t\t\t<\/div>\n\t\t\t\t\t\t<\/div>\n\t\t\t\t\t\t\t\t\t\t\t<\/div>\n\t\t\t\t<\/div>\n\t\t\t<\/div>\n\t\t<\/div>\n\t<\/div>\n<\/div>\n\n<div class=\"block block--regular content-spacing\" id=\"#block-spacing-2\" style=\"margin-top:-60px\">\n\t<div class=\"block__outer\" style=\"display:none\">\n\t\t<div class=\"block__inner\">\n\n\t\t<\/div>\n\t<\/div>\n<\/div>\n\n\n<div class=\"block block--extra-large content-wp-core-block\" data-wp-core-block-type=\"core\/columns\" data-wp-core-column-count=\"2\"><div class=\"block__outer\"><div class=\"block__inner\">\n<div class=\"wp-block-columns are-vertically-aligned-top has-background\" style=\"background-color:#ffcdc3\">\n<div class=\"wp-block-column is-vertically-aligned-top\"><div class=\"block block--small content-paragraph\">\n\t<div class=\"block__outer\">\n\t\t<div class=\"block__inner\">\n\t\t\t<div class=\"paragraph content\">\n\t\t\t\t<p><img loading=\"lazy\" decoding=\"async\" style=\"max-width: 18px !important\" role=\"img\" src=\"https:\/\/www.ruppcheese.at\/wp-content\/uploads\/2025\/07\/rpc-icon-hauptstandort.svg\" alt=\"\" width=\"18\" height=\"19\" \/> <strong>Headquarters<\/strong><\/p>\n<p>Rupp Austria GmbH<br \/>\nH\u00f6rbranz, Austria<\/p>\n<p>&nbsp;<\/p>\n<p><img loading=\"lazy\" decoding=\"async\" style=\"max-width: 20px !important\" role=\"img\" src=\"https:\/\/www.ruppcheese.at\/wp-content\/uploads\/2025\/07\/rpc-icon-produktionswerk.svg\" alt=\"\" width=\"20\" height=\"20\" \/> <strong>Production plants<\/strong><\/p>\n<p>Rupp Lindenberg Produktions GmbH<br \/>\nLindenberg, Germany<\/p>\n<p>S&amp;R Lindenberg Produktions GmbH<br \/>\nLindenberg, Germany<\/p>\n<p>Soci\u00e9t\u00e9 Industrielle Fromag\u00e8re<br \/>\nVesoul, France<\/p>\n<p>Rupp Cheese Espa\u00f1a S.l.<br \/>\nBarcelona, Spain<\/p>\n<p>Primo \u2013 Rupp Italia Srl<br \/>\nCremona, Italy<\/p>\n<p>Rupp &amp; DaChan Foods<br \/>\nTianjin, China<\/p>\n<p>Ingredient Solutions<br \/>\nBoherbue, Ireland<\/p>\n<p>Juan Martinez S.L.<br \/>\nOviedo, Spain<\/p>\n\t\t\t<\/div>\n\t\t<\/div>\n\t<\/div>\n<\/div><\/div>\n\n\n\n<div class=\"wp-block-column is-vertically-aligned-top\"><div class=\"block block--small content-paragraph\">\n\t<div class=\"block__outer\">\n\t\t<div class=\"block__inner\">\n\t\t\t<div class=\"paragraph content\">\n\t\t\t\t<p><img loading=\"lazy\" decoding=\"async\" style=\"max-width: 20px !important\" role=\"img\" src=\"https:\/\/www.ruppcheese.at\/wp-content\/uploads\/2025\/07\/rpc-icon-verkaufsniederlassung.svg\" alt=\"\" width=\"20\" height=\"20\" \/><strong> Sales offices<\/strong><\/p>\n<p>Rupp Cheese France SAS<br \/>\nParis, France<\/p>\n<p>Rupp MEA<br \/>\nDubai, United Arab Emirates<\/p>\n<p>Rupp UK<br \/>\nLondon, England<\/p>\n<p>Rupp Asia<br \/>\nKuala Lumpur, Malaysia<\/p>\n\t\t\t<\/div>\n\t\t<\/div>\n\t<\/div>\n<\/div>\n\n<style type=\"text\/css\">@media only screen and (max-width: 768px){#block-spacing-3{margin-top:50px!important;}}<\/style><div class=\"block block--regular content-spacing\" id=\"#block-spacing-3\" style=\"margin-top:100px\">\n\t<div class=\"block__outer\" style=\"display:block\">\n\t\t<div class=\"block__inner\">\n\n\t\t<\/div>\n\t<\/div>\n<\/div>\n<\/div>\n<\/div>\n<\/div><\/div><\/div>\n\n<style type=\"text\/css\">@media only screen and (max-width: 768px){#block-spacing-4{margin-top:50px!important;}}<\/style><div class=\"block block--regular content-spacing\" id=\"#block-spacing-4\" style=\"margin-top:100px\">\n\t<div class=\"block__outer\" style=\"display:block\">\n\t\t<div class=\"block__inner\">\n\n\t\t<\/div>\n\t<\/div>\n<\/div>\n\n\n<div class=\"block block--small content-quote\">\n\t<div class=\"block__outer\">\n\t\t<div class=\"block__inner\">\n\t\t\t<div class=\"quote content\">\n\t\t\t\t<q>\u201eOur locations are situated close to our customers and key strategic markets, ensuring an optimal balance of flexibility and efficiency across our facilities.\u201c<\/q>\n\t\t\t\t<p>Stefan Walter<\/p>\t\t\t<\/div>\n\t\t<\/div>\n\t<\/div>\n<\/div>","protected":false},"excerpt":{"rendered":"","protected":false},"author":1,"featured_media":0,"parent":0,"menu_order":0,"comment_status":"closed","ping_status":"closed","template":"","meta":{"_acf_changed":true,"footnotes":""},"class_list":["post-9235","page","type-page","status-publish","hentry"],"yoast_head":"<!-- This site is optimized with the Yoast SEO plugin v27.6 - https:\/\/yoast.com\/product\/yoast-seo-wordpress\/ -->\n<title>Company Sites - Rupp<\/title>\n<meta name=\"robots\" content=\"index, follow, max-snippet:-1, max-image-preview:large, max-video-preview:-1\" \/>\n<link rel=\"canonical\" href=\"https:\/\/www.ruppcheese.at\/en\/company-sites\/\" \/>\n<meta property=\"og:locale\" content=\"en_US\" \/>\n<meta property=\"og:type\" content=\"article\" \/>\n<meta property=\"og:title\" content=\"Company Sites - Rupp\" \/>\n<meta property=\"og:url\" content=\"https:\/\/www.ruppcheese.at\/en\/company-sites\/\" \/>\n<meta property=\"og:site_name\" content=\"Rupp\" \/>\n<meta property=\"article:modified_time\" content=\"2025-12-03T08:51:54+00:00\" \/>\n<meta name=\"twitter:card\" content=\"summary_large_image\" \/>\n<script type=\"application\/ld+json\" class=\"yoast-schema-graph\">{\"@context\":\"https:\\\/\\\/schema.org\",\"@graph\":[{\"@type\":\"WebPage\",\"@id\":\"https:\\\/\\\/www.ruppcheese.at\\\/en\\\/company-sites\\\/\",\"url\":\"https:\\\/\\\/www.ruppcheese.at\\\/en\\\/company-sites\\\/\",\"name\":\"Company Sites - Rupp\",\"isPartOf\":{\"@id\":\"https:\\\/\\\/www.ruppcheese.at\\\/#website\"},\"datePublished\":\"2021-12-20T16:38:34+00:00\",\"dateModified\":\"2025-12-03T08:51:54+00:00\",\"breadcrumb\":{\"@id\":\"https:\\\/\\\/www.ruppcheese.at\\\/en\\\/company-sites\\\/#breadcrumb\"},\"inLanguage\":\"en-US\",\"potentialAction\":[{\"@type\":\"ReadAction\",\"target\":[\"https:\\\/\\\/www.ruppcheese.at\\\/en\\\/company-sites\\\/\"]}]},{\"@type\":\"BreadcrumbList\",\"@id\":\"https:\\\/\\\/www.ruppcheese.at\\\/en\\\/company-sites\\\/#breadcrumb\",\"itemListElement\":[{\"@type\":\"ListItem\",\"position\":1,\"name\":\"Startseite\",\"item\":\"https:\\\/\\\/www.ruppcheese.at\\\/en\\\/\"},{\"@type\":\"ListItem\",\"position\":2,\"name\":\"Company Sites\"}]},{\"@type\":\"WebSite\",\"@id\":\"https:\\\/\\\/www.ruppcheese.at\\\/#website\",\"url\":\"https:\\\/\\\/www.ruppcheese.at\\\/\",\"name\":\"Rupp\",\"description\":\"Rupp Unternehmenswebsite\",\"potentialAction\":[{\"@type\":\"SearchAction\",\"target\":{\"@type\":\"EntryPoint\",\"urlTemplate\":\"https:\\\/\\\/www.ruppcheese.at\\\/?s={search_term_string}\"},\"query-input\":{\"@type\":\"PropertyValueSpecification\",\"valueRequired\":true,\"valueName\":\"search_term_string\"}}],\"inLanguage\":\"en-US\"}]}<\/script>\n<!-- \/ Yoast SEO plugin. -->","yoast_head_json":{"title":"Company Sites - Rupp","robots":{"index":"index","follow":"follow","max-snippet":"max-snippet:-1","max-image-preview":"max-image-preview:large","max-video-preview":"max-video-preview:-1"},"canonical":"https:\/\/www.ruppcheese.at\/en\/company-sites\/","og_locale":"en_US","og_type":"article","og_title":"Company Sites - Rupp","og_url":"https:\/\/www.ruppcheese.at\/en\/company-sites\/","og_site_name":"Rupp","article_modified_time":"2025-12-03T08:51:54+00:00","twitter_card":"summary_large_image","schema":{"@context":"https:\/\/schema.org","@graph":[{"@type":"WebPage","@id":"https:\/\/www.ruppcheese.at\/en\/company-sites\/","url":"https:\/\/www.ruppcheese.at\/en\/company-sites\/","name":"Company Sites - Rupp","isPartOf":{"@id":"https:\/\/www.ruppcheese.at\/#website"},"datePublished":"2021-12-20T16:38:34+00:00","dateModified":"2025-12-03T08:51:54+00:00","breadcrumb":{"@id":"https:\/\/www.ruppcheese.at\/en\/company-sites\/#breadcrumb"},"inLanguage":"en-US","potentialAction":[{"@type":"ReadAction","target":["https:\/\/www.ruppcheese.at\/en\/company-sites\/"]}]},{"@type":"BreadcrumbList","@id":"https:\/\/www.ruppcheese.at\/en\/company-sites\/#breadcrumb","itemListElement":[{"@type":"ListItem","position":1,"name":"Startseite","item":"https:\/\/www.ruppcheese.at\/en\/"},{"@type":"ListItem","position":2,"name":"Company Sites"}]},{"@type":"WebSite","@id":"https:\/\/www.ruppcheese.at\/#website","url":"https:\/\/www.ruppcheese.at\/","name":"Rupp","description":"Rupp Unternehmenswebsite","potentialAction":[{"@type":"SearchAction","target":{"@type":"EntryPoint","urlTemplate":"https:\/\/www.ruppcheese.at\/?s={search_term_string}"},"query-input":{"@type":"PropertyValueSpecification","valueRequired":true,"valueName":"search_term_string"}}],"inLanguage":"en-US"}]}},"acf":[],"_links":{"self":[{"href":"https:\/\/www.ruppcheese.at\/en\/wp-json\/wp\/v2\/pages\/9235","targetHints":{"allow":["GET"]}}],"collection":[{"href":"https:\/\/www.ruppcheese.at\/en\/wp-json\/wp\/v2\/pages"}],"about":[{"href":"https:\/\/www.ruppcheese.at\/en\/wp-json\/wp\/v2\/types\/page"}],"author":[{"embeddable":true,"href":"https:\/\/www.ruppcheese.at\/en\/wp-json\/wp\/v2\/users\/1"}],"replies":[{"embeddable":true,"href":"https:\/\/www.ruppcheese.at\/en\/wp-json\/wp\/v2\/comments?post=9235"}],"version-history":[{"count":0,"href":"https:\/\/www.ruppcheese.at\/en\/wp-json\/wp\/v2\/pages\/9235\/revisions"}],"wp:attachment":[{"href":"https:\/\/www.ruppcheese.at\/en\/wp-json\/wp\/v2\/media?parent=9235"}],"curies":[{"name":"wp","href":"https:\/\/api.w.org\/{rel}","templated":true}]}}